{"id":773330,"date":"2024-10-22T14:24:40","date_gmt":"2024-10-22T12:24:40","guid":{"rendered":"https:\/\/streetmarkets.fr\/app\/produit\/soutien-gorge-amour-rose\/"},"modified":"2025-11-24T00:18:22","modified_gmt":"2025-11-23T23:18:22","slug":"soutien-gorge-amour-rose","status":"publish","type":"product","link":"https:\/\/streetmarkets.fr\/app\/produit\/soutien-gorge-amour-rose\/","title":{"rendered":"Soutien-gorge Amour &#8211; Pivoine"},"content":{"rendered":"<p>Un mod\u00e8le tout en finesse pour celles qui aiment les dessous l\u00e9gers et styl\u00e9s. Con\u00e7u en tulle \u00e0 base de fibres recycl\u00e9es, il offre un maintien discret et une sensation de seconde peau. Les petits c\u0153urs en flock velours rose apportent une touche romantique sans en faire trop. Design\u00e9 \u00e0 Paris et fabriqu\u00e9 en Hongrie, ce soutien-gorge r\u00e9unit esth\u00e9tique, confort et d\u00e9marche responsable. Les teintures sont certifi\u00e9es Oeko-Tex 100, pour un contact plus s\u00fbr avec la peau. Existe aussi en noir, selon vos envies.<\/p>\n","protected":false},"excerpt":{"rendered":"<p>Un mod\u00e8le tout en finesse pour celles qui aiment les dessous l\u00e9gers et styl\u00e9s. Con\u00e7u en tulle \u00e0 base de fibres recycl\u00e9es, il offre un maintien discret et une sensation de seconde peau. Les petits c\u0153urs en flock velours rose apportent une touche romantique sans en faire trop. Design\u00e9 \u00e0 Paris et fabriqu\u00e9 en Hongrie, [&hellip;]<\/p>\n","protected":false},"featured_media":773331,"comment_status":"open","ping_status":"closed","template":"","meta":[],"product_brand":[],"product_cat":[1756,1762],"product_tag":[1810],"acf":[],"_links":{"self":[{"href":"https:\/\/streetmarkets.fr\/app\/wp-json\/wp\/v2\/product\/773330"}],"collection":[{"href":"https:\/\/streetmarkets.fr\/app\/wp-json\/wp\/v2\/product"}],"about":[{"href":"https:\/\/streetmarkets.fr\/app\/wp-json\/wp\/v2\/types\/product"}],"replies":[{"embeddable":true,"href":"https:\/\/streetmarkets.fr\/app\/wp-json\/wp\/v2\/comments?post=773330"}],"wp:featuredmedia":[{"embeddable":true,"href":"https:\/\/streetmarkets.fr\/app\/wp-json\/wp\/v2\/media\/773331"}],"wp:attachment":[{"href":"https:\/\/streetmarkets.fr\/app\/wp-json\/wp\/v2\/media?parent=773330"}],"wp:term":[{"taxonomy":"product_brand","embeddable":true,"href":"https:\/\/streetmarkets.fr\/app\/wp-json\/wp\/v2\/product_brand?post=773330"},{"taxonomy":"product_cat","embeddable":true,"href":"https:\/\/streetmarkets.fr\/app\/wp-json\/wp\/v2\/product_cat?post=773330"},{"taxonomy":"product_tag","embeddable":true,"href":"https:\/\/streetmarkets.fr\/app\/wp-json\/wp\/v2\/product_tag?post=773330"}],"curies":[{"name":"wp","href":"https:\/\/api.w.org\/{rel}","templated":true}]}}