{"id":773315,"date":"2024-10-22T14:24:38","date_gmt":"2024-10-22T12:24:38","guid":{"rendered":"https:\/\/streetmarkets.fr\/app\/produit\/soutien-gorge-dawa-noir\/"},"modified":"2025-11-24T00:18:01","modified_gmt":"2025-11-23T23:18:01","slug":"soutien-gorge-dawa-noir","status":"publish","type":"product","link":"https:\/\/streetmarkets.fr\/app\/produit\/soutien-gorge-dawa-noir\/","title":{"rendered":"Soutien-gorge Dawa &#8211; Noir"},"content":{"rendered":"<p>Dawa, c\u2019est le soutien-gorge en dentelle qui allie \u00e9l\u00e9gance et conscience. Sa dentelle contient 58% de fibres recycl\u00e9es, pour un rendu d\u00e9licat et f\u00e9minin sans compromis. Le noir, intemporel, se glisse sous toutes vos tenues et met en valeur la silhouette. On aime son toucher souple et sa mati\u00e8re \u00e9lastique qui accompagne les mouvements pour un maintien agr\u00e9able au quotidien. Design\u00e9 \u00e0 Paris et fabriqu\u00e9 en Hongrie, il mise sur des teintures certifi\u00e9es Oeko\u2011Tex 100 pour un contact plus serein avec la peau. \u00c0 porter tous les jours ou pour une occasion sp\u00e9ciale, c\u2019est la pi\u00e8ce facile et chic de votre tiroir lingerie.<\/p>\n","protected":false},"excerpt":{"rendered":"<p>Dawa, c\u2019est le soutien-gorge en dentelle qui allie \u00e9l\u00e9gance et conscience. Sa dentelle contient 58% de fibres recycl\u00e9es, pour un rendu d\u00e9licat et f\u00e9minin sans compromis. Le noir, intemporel, se glisse sous toutes vos tenues et met en valeur la silhouette. On aime son toucher souple et sa mati\u00e8re \u00e9lastique qui accompagne les mouvements pour [&hellip;]<\/p>\n","protected":false},"featured_media":773316,"comment_status":"open","ping_status":"closed","template":"","meta":[],"product_brand":[],"product_cat":[1756,1762],"product_tag":[1810],"acf":[],"_links":{"self":[{"href":"https:\/\/streetmarkets.fr\/app\/wp-json\/wp\/v2\/product\/773315"}],"collection":[{"href":"https:\/\/streetmarkets.fr\/app\/wp-json\/wp\/v2\/product"}],"about":[{"href":"https:\/\/streetmarkets.fr\/app\/wp-json\/wp\/v2\/types\/product"}],"replies":[{"embeddable":true,"href":"https:\/\/streetmarkets.fr\/app\/wp-json\/wp\/v2\/comments?post=773315"}],"wp:featuredmedia":[{"embeddable":true,"href":"https:\/\/streetmarkets.fr\/app\/wp-json\/wp\/v2\/media\/773316"}],"wp:attachment":[{"href":"https:\/\/streetmarkets.fr\/app\/wp-json\/wp\/v2\/media?parent=773315"}],"wp:term":[{"taxonomy":"product_brand","embeddable":true,"href":"https:\/\/streetmarkets.fr\/app\/wp-json\/wp\/v2\/product_brand?post=773315"},{"taxonomy":"product_cat","embeddable":true,"href":"https:\/\/streetmarkets.fr\/app\/wp-json\/wp\/v2\/product_cat?post=773315"},{"taxonomy":"product_tag","embeddable":true,"href":"https:\/\/streetmarkets.fr\/app\/wp-json\/wp\/v2\/product_tag?post=773315"}],"curies":[{"name":"wp","href":"https:\/\/api.w.org\/{rel}","templated":true}]}}