{"id":773305,"date":"2024-10-22T14:24:37","date_gmt":"2024-10-22T12:24:37","guid":{"rendered":"https:\/\/streetmarkets.fr\/app\/produit\/soutien-gorge-dawa-grenat\/"},"modified":"2025-11-24T00:18:01","modified_gmt":"2025-11-23T23:18:01","slug":"soutien-gorge-dawa-grenat","status":"publish","type":"product","link":"https:\/\/streetmarkets.fr\/app\/produit\/soutien-gorge-dawa-grenat\/","title":{"rendered":"Soutien-gorge Dawa &#8211; Grenat"},"content":{"rendered":"<p>Un mod\u00e8le en dentelle grenat qui allie style et conscience. Sa dentelle contient des fibres recycl\u00e9es et ses teintures sont certifi\u00e9es Oeko-Tex Standard 100, pour une lingerie belle et plus responsable.<\/p>\n<p>On aime sa souplesse et son toucher agr\u00e9able gr\u00e2ce \u00e0 l\u2019\u00e9lasthanne, id\u00e9al pour un <strong>maintien doux au quotidien<\/strong>. La teinte grenat apporte une note sophistiqu\u00e9e sous un chemisier ou en ensemble coordonn\u00e9.<\/p>\n<p>Design\u00e9 \u00e0 Paris et fabriqu\u00e9 en Hongrie, ce mod\u00e8le coche les cases d\u2019une <strong>lingerie \u00e9thique<\/strong> sans compromis sur l\u2019allure. Existe aussi en noir, blanc et myosotis.<\/p>\n","protected":false},"excerpt":{"rendered":"<p>Un mod\u00e8le en dentelle grenat qui allie style et conscience. Sa dentelle contient des fibres recycl\u00e9es et ses teintures sont certifi\u00e9es Oeko-Tex Standard 100, pour une lingerie belle et plus responsable. On aime sa souplesse et son toucher agr\u00e9able gr\u00e2ce \u00e0 l\u2019\u00e9lasthanne, id\u00e9al pour un maintien doux au quotidien. La teinte grenat apporte une note [&hellip;]<\/p>\n","protected":false},"featured_media":773306,"comment_status":"open","ping_status":"closed","template":"","meta":[],"product_brand":[],"product_cat":[1756,1762],"product_tag":[1810],"acf":[],"_links":{"self":[{"href":"https:\/\/streetmarkets.fr\/app\/wp-json\/wp\/v2\/product\/773305"}],"collection":[{"href":"https:\/\/streetmarkets.fr\/app\/wp-json\/wp\/v2\/product"}],"about":[{"href":"https:\/\/streetmarkets.fr\/app\/wp-json\/wp\/v2\/types\/product"}],"replies":[{"embeddable":true,"href":"https:\/\/streetmarkets.fr\/app\/wp-json\/wp\/v2\/comments?post=773305"}],"wp:featuredmedia":[{"embeddable":true,"href":"https:\/\/streetmarkets.fr\/app\/wp-json\/wp\/v2\/media\/773306"}],"wp:attachment":[{"href":"https:\/\/streetmarkets.fr\/app\/wp-json\/wp\/v2\/media?parent=773305"}],"wp:term":[{"taxonomy":"product_brand","embeddable":true,"href":"https:\/\/streetmarkets.fr\/app\/wp-json\/wp\/v2\/product_brand?post=773305"},{"taxonomy":"product_cat","embeddable":true,"href":"https:\/\/streetmarkets.fr\/app\/wp-json\/wp\/v2\/product_cat?post=773305"},{"taxonomy":"product_tag","embeddable":true,"href":"https:\/\/streetmarkets.fr\/app\/wp-json\/wp\/v2\/product_tag?post=773305"}],"curies":[{"name":"wp","href":"https:\/\/api.w.org\/{rel}","templated":true}]}}