{"id":773248,"date":"2024-10-22T14:24:30","date_gmt":"2024-10-22T12:24:30","guid":{"rendered":"https:\/\/streetmarkets.fr\/app\/produit\/culotte-dawa-grenat\/"},"modified":"2025-11-24T00:18:00","modified_gmt":"2025-11-23T23:18:00","slug":"culotte-dawa-grenat","status":"publish","type":"product","link":"https:\/\/streetmarkets.fr\/app\/produit\/culotte-dawa-grenat\/","title":{"rendered":"Culotte Dawa &#8211; Grenat"},"content":{"rendered":"<p>Un bas de lingerie qui coche toutes les cases du quotidien. Devant, un coton biologique certifi\u00e9 GOTS doux et respirant pour un confort qui tient la journ\u00e9e. Derri\u00e8re, une dentelle issue de fibres recycl\u00e9es qui apporte une touche de f\u00e9minit\u00e9 sans compromis. Les teintures sont certifi\u00e9es Oeko-Tex 100, douces pour la peau. Le coloris grenat est chic et facile \u00e0 assortir. Dessin\u00e9e \u00e0 Paris et fabriqu\u00e9e en Hongrie, cette culotte r\u00e9unit style, qualit\u00e9 et d\u00e9marche responsable. \u00c0 offrir ou \u00e0 s\u2019offrir quand on cherche une culotte en coton bio jolie, confortable et fabriqu\u00e9e en Europe.<\/p>\n","protected":false},"excerpt":{"rendered":"<p>Un bas de lingerie qui coche toutes les cases du quotidien. Devant, un coton biologique certifi\u00e9 GOTS doux et respirant pour un confort qui tient la journ\u00e9e. Derri\u00e8re, une dentelle issue de fibres recycl\u00e9es qui apporte une touche de f\u00e9minit\u00e9 sans compromis. Les teintures sont certifi\u00e9es Oeko-Tex 100, douces pour la peau. Le coloris grenat [&hellip;]<\/p>\n","protected":false},"featured_media":773249,"comment_status":"open","ping_status":"closed","template":"","meta":[],"product_brand":[],"product_cat":[1756,1762],"product_tag":[1810],"acf":[],"_links":{"self":[{"href":"https:\/\/streetmarkets.fr\/app\/wp-json\/wp\/v2\/product\/773248"}],"collection":[{"href":"https:\/\/streetmarkets.fr\/app\/wp-json\/wp\/v2\/product"}],"about":[{"href":"https:\/\/streetmarkets.fr\/app\/wp-json\/wp\/v2\/types\/product"}],"replies":[{"embeddable":true,"href":"https:\/\/streetmarkets.fr\/app\/wp-json\/wp\/v2\/comments?post=773248"}],"wp:featuredmedia":[{"embeddable":true,"href":"https:\/\/streetmarkets.fr\/app\/wp-json\/wp\/v2\/media\/773249"}],"wp:attachment":[{"href":"https:\/\/streetmarkets.fr\/app\/wp-json\/wp\/v2\/media?parent=773248"}],"wp:term":[{"taxonomy":"product_brand","embeddable":true,"href":"https:\/\/streetmarkets.fr\/app\/wp-json\/wp\/v2\/product_brand?post=773248"},{"taxonomy":"product_cat","embeddable":true,"href":"https:\/\/streetmarkets.fr\/app\/wp-json\/wp\/v2\/product_cat?post=773248"},{"taxonomy":"product_tag","embeddable":true,"href":"https:\/\/streetmarkets.fr\/app\/wp-json\/wp\/v2\/product_tag?post=773248"}],"curies":[{"name":"wp","href":"https:\/\/api.w.org\/{rel}","templated":true}]}}