{"id":773238,"date":"2024-10-22T14:24:29","date_gmt":"2024-10-22T12:24:29","guid":{"rendered":"https:\/\/streetmarkets.fr\/app\/produit\/culotte-dawa-blanc\/"},"modified":"2025-11-24T00:18:00","modified_gmt":"2025-11-23T23:18:00","slug":"culotte-dawa-blanc","status":"publish","type":"product","link":"https:\/\/streetmarkets.fr\/app\/produit\/culotte-dawa-blanc\/","title":{"rendered":"Culotte Dawa &#8211; Blanc"},"content":{"rendered":"<p>Un essentiel de lingerie qui r\u00e9unit douceur et f\u00e9minit\u00e9. \u00c0 l\u2019avant, le coton biologique apporte un confort respirant toute la journ\u00e9e. Au dos, la dentelle en fibres recycl\u00e9es dessine une finition \u00e9l\u00e9gante sans rien sacrifier \u00e0 l\u2019\u00e9thique. Les teintures sont certifi\u00e9es Oeko\u2011Tex 10 pour des mati\u00e8res au plus pr\u00e8s de la peau, en toute s\u00e9r\u00e9nit\u00e9.<br \/>\nImagin\u00e9e \u00e0 Paris et fabriqu\u00e9e en Hongrie, cette culotte blanche se glisse sous toutes les tenues. Une belle id\u00e9e pour compl\u00e9ter un tiroir de lingerie responsable, \u00e0 s\u2019offrir ou \u00e0 offrir. Existe aussi en noir, grenat et myosotis.<\/p>\n","protected":false},"excerpt":{"rendered":"<p>Un essentiel de lingerie qui r\u00e9unit douceur et f\u00e9minit\u00e9. \u00c0 l\u2019avant, le coton biologique apporte un confort respirant toute la journ\u00e9e. Au dos, la dentelle en fibres recycl\u00e9es dessine une finition \u00e9l\u00e9gante sans rien sacrifier \u00e0 l\u2019\u00e9thique. Les teintures sont certifi\u00e9es Oeko\u2011Tex 10 pour des mati\u00e8res au plus pr\u00e8s de la peau, en toute s\u00e9r\u00e9nit\u00e9. [&hellip;]<\/p>\n","protected":false},"featured_media":773239,"comment_status":"open","ping_status":"closed","template":"","meta":[],"product_brand":[],"product_cat":[1756,1762],"product_tag":[1810],"acf":[],"_links":{"self":[{"href":"https:\/\/streetmarkets.fr\/app\/wp-json\/wp\/v2\/product\/773238"}],"collection":[{"href":"https:\/\/streetmarkets.fr\/app\/wp-json\/wp\/v2\/product"}],"about":[{"href":"https:\/\/streetmarkets.fr\/app\/wp-json\/wp\/v2\/types\/product"}],"replies":[{"embeddable":true,"href":"https:\/\/streetmarkets.fr\/app\/wp-json\/wp\/v2\/comments?post=773238"}],"wp:featuredmedia":[{"embeddable":true,"href":"https:\/\/streetmarkets.fr\/app\/wp-json\/wp\/v2\/media\/773239"}],"wp:attachment":[{"href":"https:\/\/streetmarkets.fr\/app\/wp-json\/wp\/v2\/media?parent=773238"}],"wp:term":[{"taxonomy":"product_brand","embeddable":true,"href":"https:\/\/streetmarkets.fr\/app\/wp-json\/wp\/v2\/product_brand?post=773238"},{"taxonomy":"product_cat","embeddable":true,"href":"https:\/\/streetmarkets.fr\/app\/wp-json\/wp\/v2\/product_cat?post=773238"},{"taxonomy":"product_tag","embeddable":true,"href":"https:\/\/streetmarkets.fr\/app\/wp-json\/wp\/v2\/product_tag?post=773238"}],"curies":[{"name":"wp","href":"https:\/\/api.w.org\/{rel}","templated":true}]}}