{"id":773230,"date":"2024-10-22T14:24:28","date_gmt":"2024-10-22T12:24:28","guid":{"rendered":"https:\/\/streetmarkets.fr\/app\/produit\/culotte-dawa-noir\/"},"modified":"2025-11-24T00:18:00","modified_gmt":"2025-11-23T23:18:00","slug":"culotte-dawa-noir","status":"publish","type":"product","link":"https:\/\/streetmarkets.fr\/app\/produit\/culotte-dawa-noir\/","title":{"rendered":"Culotte Dawa &#8211; Noir"},"content":{"rendered":"<p>Une culotte pens\u00e9e pour se sentir bien tout au long de la journ\u00e9e. Devant, le coton biologique apporte une douceur respirante et un vrai confort au quotidien. Au dos, la dentelle en fibres recycl\u00e9es dessine une silhouette d\u00e9licate sans en faire trop. Le noir la rend facile \u00e0 porter, sous tout. Design\u00e9e \u00e0 Paris et fabriqu\u00e9e en Hongrie, elle mise sur des mati\u00e8res plus responsables et des teintures certifi\u00e9es Oeko\u2011Tex. Existe aussi en blanc, en grenat et en myosotis pour varier les envies.<\/p>\n","protected":false},"excerpt":{"rendered":"<p>Une culotte pens\u00e9e pour se sentir bien tout au long de la journ\u00e9e. Devant, le coton biologique apporte une douceur respirante et un vrai confort au quotidien. Au dos, la dentelle en fibres recycl\u00e9es dessine une silhouette d\u00e9licate sans en faire trop. Le noir la rend facile \u00e0 porter, sous tout. Design\u00e9e \u00e0 Paris et [&hellip;]<\/p>\n","protected":false},"featured_media":773231,"comment_status":"open","ping_status":"closed","template":"","meta":[],"product_brand":[],"product_cat":[1756,1762],"product_tag":[1810],"acf":[],"_links":{"self":[{"href":"https:\/\/streetmarkets.fr\/app\/wp-json\/wp\/v2\/product\/773230"}],"collection":[{"href":"https:\/\/streetmarkets.fr\/app\/wp-json\/wp\/v2\/product"}],"about":[{"href":"https:\/\/streetmarkets.fr\/app\/wp-json\/wp\/v2\/types\/product"}],"replies":[{"embeddable":true,"href":"https:\/\/streetmarkets.fr\/app\/wp-json\/wp\/v2\/comments?post=773230"}],"wp:featuredmedia":[{"embeddable":true,"href":"https:\/\/streetmarkets.fr\/app\/wp-json\/wp\/v2\/media\/773231"}],"wp:attachment":[{"href":"https:\/\/streetmarkets.fr\/app\/wp-json\/wp\/v2\/media?parent=773230"}],"wp:term":[{"taxonomy":"product_brand","embeddable":true,"href":"https:\/\/streetmarkets.fr\/app\/wp-json\/wp\/v2\/product_brand?post=773230"},{"taxonomy":"product_cat","embeddable":true,"href":"https:\/\/streetmarkets.fr\/app\/wp-json\/wp\/v2\/product_cat?post=773230"},{"taxonomy":"product_tag","embeddable":true,"href":"https:\/\/streetmarkets.fr\/app\/wp-json\/wp\/v2\/product_tag?post=773230"}],"curies":[{"name":"wp","href":"https:\/\/api.w.org\/{rel}","templated":true}]}}