{"id":773202,"date":"2024-10-22T14:24:24","date_gmt":"2024-10-22T12:24:24","guid":{"rendered":"https:\/\/streetmarkets.fr\/app\/produit\/shorty-dawa-noir\/"},"modified":"2025-11-24T00:17:59","modified_gmt":"2025-11-23T23:17:59","slug":"shorty-dawa-noir","status":"publish","type":"product","link":"https:\/\/streetmarkets.fr\/app\/produit\/shorty-dawa-noir\/","title":{"rendered":"Shorty Dawa &#8211; Noir"},"content":{"rendered":"<p>Un shorty noir \u00e9l\u00e9gant en dentelle recycl\u00e9e qui mise sur l\u2019essentiel : le confort, la douceur et une fabrication plus responsable. Sa coupe f\u00e9minine couvre juste ce qu\u2019il faut, sans marquer, tandis que la dentelle souple \u00e9pouse les courbes avec l\u00e9g\u00e8ret\u00e9. Au contact de la peau, le fond de culotte doubl\u00e9 en coton biologique certifi\u00e9 GOTS apporte une sensation de propret\u00e9 et de confort au quotidien. Les teintures certifi\u00e9es Oeko-Tex garantissent l\u2019absence de substances nocives. Design\u00e9 \u00e0 Paris et fabriqu\u00e9 en Hongrie, ce mod\u00e8le coche toutes les cases de la lingerie \u00e9co-responsable. Un indispensable discret sous les v\u00eatements, chic en noir, et facile \u00e0 offrir. Existe aussi en blanc, grenat et myosotis.<\/p>\n","protected":false},"excerpt":{"rendered":"<p>Un shorty noir \u00e9l\u00e9gant en dentelle recycl\u00e9e qui mise sur l\u2019essentiel : le confort, la douceur et une fabrication plus responsable. Sa coupe f\u00e9minine couvre juste ce qu\u2019il faut, sans marquer, tandis que la dentelle souple \u00e9pouse les courbes avec l\u00e9g\u00e8ret\u00e9. Au contact de la peau, le fond de culotte doubl\u00e9 en coton biologique certifi\u00e9 [&hellip;]<\/p>\n","protected":false},"featured_media":773203,"comment_status":"open","ping_status":"closed","template":"","meta":[],"product_brand":[],"product_cat":[1756,1762],"product_tag":[1810],"acf":[],"_links":{"self":[{"href":"https:\/\/streetmarkets.fr\/app\/wp-json\/wp\/v2\/product\/773202"}],"collection":[{"href":"https:\/\/streetmarkets.fr\/app\/wp-json\/wp\/v2\/product"}],"about":[{"href":"https:\/\/streetmarkets.fr\/app\/wp-json\/wp\/v2\/types\/product"}],"replies":[{"embeddable":true,"href":"https:\/\/streetmarkets.fr\/app\/wp-json\/wp\/v2\/comments?post=773202"}],"wp:featuredmedia":[{"embeddable":true,"href":"https:\/\/streetmarkets.fr\/app\/wp-json\/wp\/v2\/media\/773203"}],"wp:attachment":[{"href":"https:\/\/streetmarkets.fr\/app\/wp-json\/wp\/v2\/media?parent=773202"}],"wp:term":[{"taxonomy":"product_brand","embeddable":true,"href":"https:\/\/streetmarkets.fr\/app\/wp-json\/wp\/v2\/product_brand?post=773202"},{"taxonomy":"product_cat","embeddable":true,"href":"https:\/\/streetmarkets.fr\/app\/wp-json\/wp\/v2\/product_cat?post=773202"},{"taxonomy":"product_tag","embeddable":true,"href":"https:\/\/streetmarkets.fr\/app\/wp-json\/wp\/v2\/product_tag?post=773202"}],"curies":[{"name":"wp","href":"https:\/\/api.w.org\/{rel}","templated":true}]}}