{"id":773193,"date":"2024-10-22T14:24:22","date_gmt":"2024-10-22T12:24:22","guid":{"rendered":"https:\/\/streetmarkets.fr\/app\/produit\/shorty-dawa-blanc\/"},"modified":"2025-11-24T00:17:59","modified_gmt":"2025-11-23T23:17:59","slug":"shorty-dawa-blanc","status":"publish","type":"product","link":"https:\/\/streetmarkets.fr\/app\/produit\/shorty-dawa-blanc\/","title":{"rendered":"Shorty Dawa &#8211; Blanc"},"content":{"rendered":"<p>Un shorty en dentelle qui coche toutes les cases: joli, confortable et plus responsable. La dentelle contient des fibres recycl\u00e9es et la partie intime est doubl\u00e9e d\u2019un coton biologique certifi\u00e9 GOTS pour une meilleure respirabilit\u00e9 au quotidien. Les teintures sont certifi\u00e9es Oeko-Tex, pour limiter les substances ind\u00e9sirables au contact de la peau.<br \/>\nDesign\u00e9 \u00e0 Paris et fabriqu\u00e9 en Hongrie, ce mod\u00e8le blanc est d\u00e9licat sans \u00eatre fragile, avec juste ce qu\u2019il faut d\u2019\u00e9lasthanne pour \u00e9pouser les formes sans serrer. \u00c0 offrir ou \u00e0 s\u2019offrir, il existe aussi en noir, en grenat et en myosotis pour varier les envies.<\/p>\n","protected":false},"excerpt":{"rendered":"<p>Un shorty en dentelle qui coche toutes les cases: joli, confortable et plus responsable. La dentelle contient des fibres recycl\u00e9es et la partie intime est doubl\u00e9e d\u2019un coton biologique certifi\u00e9 GOTS pour une meilleure respirabilit\u00e9 au quotidien. Les teintures sont certifi\u00e9es Oeko-Tex, pour limiter les substances ind\u00e9sirables au contact de la peau. Design\u00e9 \u00e0 Paris [&hellip;]<\/p>\n","protected":false},"featured_media":773194,"comment_status":"open","ping_status":"closed","template":"","meta":[],"product_brand":[],"product_cat":[1756,1762],"product_tag":[1810],"acf":[],"_links":{"self":[{"href":"https:\/\/streetmarkets.fr\/app\/wp-json\/wp\/v2\/product\/773193"}],"collection":[{"href":"https:\/\/streetmarkets.fr\/app\/wp-json\/wp\/v2\/product"}],"about":[{"href":"https:\/\/streetmarkets.fr\/app\/wp-json\/wp\/v2\/types\/product"}],"replies":[{"embeddable":true,"href":"https:\/\/streetmarkets.fr\/app\/wp-json\/wp\/v2\/comments?post=773193"}],"wp:featuredmedia":[{"embeddable":true,"href":"https:\/\/streetmarkets.fr\/app\/wp-json\/wp\/v2\/media\/773194"}],"wp:attachment":[{"href":"https:\/\/streetmarkets.fr\/app\/wp-json\/wp\/v2\/media?parent=773193"}],"wp:term":[{"taxonomy":"product_brand","embeddable":true,"href":"https:\/\/streetmarkets.fr\/app\/wp-json\/wp\/v2\/product_brand?post=773193"},{"taxonomy":"product_cat","embeddable":true,"href":"https:\/\/streetmarkets.fr\/app\/wp-json\/wp\/v2\/product_cat?post=773193"},{"taxonomy":"product_tag","embeddable":true,"href":"https:\/\/streetmarkets.fr\/app\/wp-json\/wp\/v2\/product_tag?post=773193"}],"curies":[{"name":"wp","href":"https:\/\/api.w.org\/{rel}","templated":true}]}}