{"id":773174,"date":"2024-10-22T14:24:20","date_gmt":"2024-10-22T12:24:20","guid":{"rendered":"https:\/\/streetmarkets.fr\/app\/produit\/shorty-savannah-bleu\/"},"modified":"2025-11-24T00:17:59","modified_gmt":"2025-11-23T23:17:59","slug":"shorty-savannah-bleu","status":"publish","type":"product","link":"https:\/\/streetmarkets.fr\/app\/produit\/shorty-savannah-bleu\/","title":{"rendered":"Shorty Savannah &#8211; Bleu"},"content":{"rendered":"<p>Savannah, c\u2019est l\u2019alliance du confort du coton biologique et de la d\u00e9licatesse d\u2019une dentelle recycl\u00e9e made in Italy. Doux sur la peau, respirant et joliment f\u00e9minin, il accompagne les journ\u00e9es sans compromis entre maintien et style.<\/p>\n<p>Design\u00e9 \u00e0 Paris et fabriqu\u00e9 en Hongrie, ce mod\u00e8le mise sur des mati\u00e8res certifi\u00e9es (coton GOTS, teintures Oeko\u2011Tex Standard 100) pour un sous-v\u00eatement aussi beau qu\u2019attentif. La teinte bleue met en valeur la dentelle, pour une lingerie qui donne le sourire d\u00e8s le matin. Existe aussi en noir et en rose p\u00e2le.<\/p>\n","protected":false},"excerpt":{"rendered":"<p>Savannah, c\u2019est l\u2019alliance du confort du coton biologique et de la d\u00e9licatesse d\u2019une dentelle recycl\u00e9e made in Italy. Doux sur la peau, respirant et joliment f\u00e9minin, il accompagne les journ\u00e9es sans compromis entre maintien et style. Design\u00e9 \u00e0 Paris et fabriqu\u00e9 en Hongrie, ce mod\u00e8le mise sur des mati\u00e8res certifi\u00e9es (coton GOTS, teintures Oeko\u2011Tex Standard [&hellip;]<\/p>\n","protected":false},"featured_media":773175,"comment_status":"open","ping_status":"closed","template":"","meta":[],"product_brand":[],"product_cat":[1756,1762],"product_tag":[1810],"acf":[],"_links":{"self":[{"href":"https:\/\/streetmarkets.fr\/app\/wp-json\/wp\/v2\/product\/773174"}],"collection":[{"href":"https:\/\/streetmarkets.fr\/app\/wp-json\/wp\/v2\/product"}],"about":[{"href":"https:\/\/streetmarkets.fr\/app\/wp-json\/wp\/v2\/types\/product"}],"replies":[{"embeddable":true,"href":"https:\/\/streetmarkets.fr\/app\/wp-json\/wp\/v2\/comments?post=773174"}],"wp:featuredmedia":[{"embeddable":true,"href":"https:\/\/streetmarkets.fr\/app\/wp-json\/wp\/v2\/media\/773175"}],"wp:attachment":[{"href":"https:\/\/streetmarkets.fr\/app\/wp-json\/wp\/v2\/media?parent=773174"}],"wp:term":[{"taxonomy":"product_brand","embeddable":true,"href":"https:\/\/streetmarkets.fr\/app\/wp-json\/wp\/v2\/product_brand?post=773174"},{"taxonomy":"product_cat","embeddable":true,"href":"https:\/\/streetmarkets.fr\/app\/wp-json\/wp\/v2\/product_cat?post=773174"},{"taxonomy":"product_tag","embeddable":true,"href":"https:\/\/streetmarkets.fr\/app\/wp-json\/wp\/v2\/product_tag?post=773174"}],"curies":[{"name":"wp","href":"https:\/\/api.w.org\/{rel}","templated":true}]}}