{"id":773133,"date":"2024-10-22T14:24:15","date_gmt":"2024-10-22T12:24:15","guid":{"rendered":"https:\/\/streetmarkets.fr\/app\/produit\/shorty-savannah-rose-pale\/"},"modified":"2025-11-24T00:17:58","modified_gmt":"2025-11-23T23:17:58","slug":"shorty-savannah-rose-pale","status":"publish","type":"product","link":"https:\/\/streetmarkets.fr\/app\/produit\/shorty-savannah-rose-pale\/","title":{"rendered":"Shorty Savannah &#8211; Rose p\u00e2le"},"content":{"rendered":"<p>Douceur, l\u00e9g\u00e8ret\u00e9 et jolis d\u00e9tails : ce shorty m\u00eale coton biologique certifi\u00e9 GOTS et dentelle recycl\u00e9e italienne pour un confort quotidien sans compromis sur le style. Son rose p\u00e2le flatteur apporte une touche d\u00e9licate sous les v\u00eatements, tandis que la coupe shorty reste couvrante et f\u00e9minine.<br \/>\nDesign\u00e9 \u00e0 Paris et fabriqu\u00e9 en Hongrie, il coche toutes les cases de la lingerie \u00e9thique made in Europe. Les teintures sont certifi\u00e9es Oeko-Tex 100, pour une pi\u00e8ce agr\u00e9able \u00e0 porter au contact de la peau.<br \/>\n\u00c0 adopter pour tous les jours comme pour les moments cocooning, ou \u00e0 offrir \u00e0 quelqu\u2019un qui aime la lingerie durable, jolie et confortable.<\/p>\n","protected":false},"excerpt":{"rendered":"<p>Douceur, l\u00e9g\u00e8ret\u00e9 et jolis d\u00e9tails : ce shorty m\u00eale coton biologique certifi\u00e9 GOTS et dentelle recycl\u00e9e italienne pour un confort quotidien sans compromis sur le style. Son rose p\u00e2le flatteur apporte une touche d\u00e9licate sous les v\u00eatements, tandis que la coupe shorty reste couvrante et f\u00e9minine. Design\u00e9 \u00e0 Paris et fabriqu\u00e9 en Hongrie, il coche [&hellip;]<\/p>\n","protected":false},"featured_media":773134,"comment_status":"open","ping_status":"closed","template":"","meta":[],"product_brand":[],"product_cat":[1756,1762],"product_tag":[1810],"acf":[],"_links":{"self":[{"href":"https:\/\/streetmarkets.fr\/app\/wp-json\/wp\/v2\/product\/773133"}],"collection":[{"href":"https:\/\/streetmarkets.fr\/app\/wp-json\/wp\/v2\/product"}],"about":[{"href":"https:\/\/streetmarkets.fr\/app\/wp-json\/wp\/v2\/types\/product"}],"replies":[{"embeddable":true,"href":"https:\/\/streetmarkets.fr\/app\/wp-json\/wp\/v2\/comments?post=773133"}],"wp:featuredmedia":[{"embeddable":true,"href":"https:\/\/streetmarkets.fr\/app\/wp-json\/wp\/v2\/media\/773134"}],"wp:attachment":[{"href":"https:\/\/streetmarkets.fr\/app\/wp-json\/wp\/v2\/media?parent=773133"}],"wp:term":[{"taxonomy":"product_brand","embeddable":true,"href":"https:\/\/streetmarkets.fr\/app\/wp-json\/wp\/v2\/product_brand?post=773133"},{"taxonomy":"product_cat","embeddable":true,"href":"https:\/\/streetmarkets.fr\/app\/wp-json\/wp\/v2\/product_cat?post=773133"},{"taxonomy":"product_tag","embeddable":true,"href":"https:\/\/streetmarkets.fr\/app\/wp-json\/wp\/v2\/product_tag?post=773133"}],"curies":[{"name":"wp","href":"https:\/\/api.w.org\/{rel}","templated":true}]}}