{"id":773125,"date":"2024-10-22T14:24:14","date_gmt":"2024-10-22T12:24:14","guid":{"rendered":"https:\/\/streetmarkets.fr\/app\/produit\/soutien-gorge-savannah-noir\/"},"modified":"2025-11-24T00:17:58","modified_gmt":"2025-11-23T23:17:58","slug":"soutien-gorge-savannah-noir","status":"publish","type":"product","link":"https:\/\/streetmarkets.fr\/app\/produit\/soutien-gorge-savannah-noir\/","title":{"rendered":"Soutien-gorge Savannah &#8211; Noir"},"content":{"rendered":"<p>Un essentiel de lingerie pour tous les jours, pens\u00e9 pour conjuguer douceur, maintien confortable et style. R\u00e9alis\u00e9 en coton biologique certifi\u00e9 GOTS et habill\u00e9 d\u2019une dentelle italienne issue de fibres recycl\u00e9es, il laisse la peau respirer et s\u2019adapte aux mouvements gr\u00e2ce \u00e0 l\u2019\u00e9lasthanne.<br \/>\nDessin\u00e9 \u00e0 Paris et fabriqu\u00e9 en Hongrie, il affiche une allure noire chic et intemporelle. Les teintures certifi\u00e9es Oeko\u2011Tex 100 assurent l\u2019absence de substances nocives au contact de la peau.<br \/>\nUne belle id\u00e9e pour s\u2019offrir ou offrir une lingerie \u00e9thique et f\u00e9minine. Existe aussi en bleu et en rose p\u00e2le.<\/p>\n","protected":false},"excerpt":{"rendered":"<p>Un essentiel de lingerie pour tous les jours, pens\u00e9 pour conjuguer douceur, maintien confortable et style. R\u00e9alis\u00e9 en coton biologique certifi\u00e9 GOTS et habill\u00e9 d\u2019une dentelle italienne issue de fibres recycl\u00e9es, il laisse la peau respirer et s\u2019adapte aux mouvements gr\u00e2ce \u00e0 l\u2019\u00e9lasthanne. Dessin\u00e9 \u00e0 Paris et fabriqu\u00e9 en Hongrie, il affiche une allure noire [&hellip;]<\/p>\n","protected":false},"featured_media":773126,"comment_status":"open","ping_status":"closed","template":"","meta":[],"product_brand":[],"product_cat":[1756,1762],"product_tag":[1810],"acf":[],"_links":{"self":[{"href":"https:\/\/streetmarkets.fr\/app\/wp-json\/wp\/v2\/product\/773125"}],"collection":[{"href":"https:\/\/streetmarkets.fr\/app\/wp-json\/wp\/v2\/product"}],"about":[{"href":"https:\/\/streetmarkets.fr\/app\/wp-json\/wp\/v2\/types\/product"}],"replies":[{"embeddable":true,"href":"https:\/\/streetmarkets.fr\/app\/wp-json\/wp\/v2\/comments?post=773125"}],"wp:featuredmedia":[{"embeddable":true,"href":"https:\/\/streetmarkets.fr\/app\/wp-json\/wp\/v2\/media\/773126"}],"wp:attachment":[{"href":"https:\/\/streetmarkets.fr\/app\/wp-json\/wp\/v2\/media?parent=773125"}],"wp:term":[{"taxonomy":"product_brand","embeddable":true,"href":"https:\/\/streetmarkets.fr\/app\/wp-json\/wp\/v2\/product_brand?post=773125"},{"taxonomy":"product_cat","embeddable":true,"href":"https:\/\/streetmarkets.fr\/app\/wp-json\/wp\/v2\/product_cat?post=773125"},{"taxonomy":"product_tag","embeddable":true,"href":"https:\/\/streetmarkets.fr\/app\/wp-json\/wp\/v2\/product_tag?post=773125"}],"curies":[{"name":"wp","href":"https:\/\/api.w.org\/{rel}","templated":true}]}}