{"id":772960,"date":"2024-10-22T14:17:21","date_gmt":"2024-10-22T12:17:21","guid":{"rendered":"https:\/\/streetmarkets.fr\/app\/produit\/shorty-onyx-noir\/"},"modified":"2025-11-24T00:17:57","modified_gmt":"2025-11-23T23:17:57","slug":"shorty-onyx-noir","status":"publish","type":"product","link":"https:\/\/streetmarkets.fr\/app\/produit\/shorty-onyx-noir\/","title":{"rendered":"Shorty Onyx &#8211; Noir"},"content":{"rendered":"<p>Un bas de lingerie confortable et \u00e9l\u00e9gant, pens\u00e9 pour le quotidien comme pour les moments o\u00f9 l\u2019on a envie d\u2019un joli dessous. Ce mod\u00e8le associe un coton biologique tout doux \u00e0 un tulle italien recycl\u00e9 pour une sensation l\u00e9g\u00e8re sur la peau et une tenue qui reste agr\u00e9able toute la journ\u00e9e. Les teintures certifi\u00e9es Oeko-Tex 100 limitent les substances ind\u00e9sirables au contact de la peau. Design\u00e9 \u00e0 Paris et fabriqu\u00e9 en Europe, il coche les bonnes cases sans sacrifier le style.<\/p>\n","protected":false},"excerpt":{"rendered":"<p>Un bas de lingerie confortable et \u00e9l\u00e9gant, pens\u00e9 pour le quotidien comme pour les moments o\u00f9 l\u2019on a envie d\u2019un joli dessous. Ce mod\u00e8le associe un coton biologique tout doux \u00e0 un tulle italien recycl\u00e9 pour une sensation l\u00e9g\u00e8re sur la peau et une tenue qui reste agr\u00e9able toute la journ\u00e9e. Les teintures certifi\u00e9es Oeko-Tex [&hellip;]<\/p>\n","protected":false},"featured_media":772961,"comment_status":"open","ping_status":"closed","template":"","meta":[],"product_brand":[],"product_cat":[1756,1762],"product_tag":[1810],"acf":[],"_links":{"self":[{"href":"https:\/\/streetmarkets.fr\/app\/wp-json\/wp\/v2\/product\/772960"}],"collection":[{"href":"https:\/\/streetmarkets.fr\/app\/wp-json\/wp\/v2\/product"}],"about":[{"href":"https:\/\/streetmarkets.fr\/app\/wp-json\/wp\/v2\/types\/product"}],"replies":[{"embeddable":true,"href":"https:\/\/streetmarkets.fr\/app\/wp-json\/wp\/v2\/comments?post=772960"}],"wp:featuredmedia":[{"embeddable":true,"href":"https:\/\/streetmarkets.fr\/app\/wp-json\/wp\/v2\/media\/772961"}],"wp:attachment":[{"href":"https:\/\/streetmarkets.fr\/app\/wp-json\/wp\/v2\/media?parent=772960"}],"wp:term":[{"taxonomy":"product_brand","embeddable":true,"href":"https:\/\/streetmarkets.fr\/app\/wp-json\/wp\/v2\/product_brand?post=772960"},{"taxonomy":"product_cat","embeddable":true,"href":"https:\/\/streetmarkets.fr\/app\/wp-json\/wp\/v2\/product_cat?post=772960"},{"taxonomy":"product_tag","embeddable":true,"href":"https:\/\/streetmarkets.fr\/app\/wp-json\/wp\/v2\/product_tag?post=772960"}],"curies":[{"name":"wp","href":"https:\/\/api.w.org\/{rel}","templated":true}]}}