{"id":772946,"date":"2024-10-22T14:17:20","date_gmt":"2024-10-22T12:17:20","guid":{"rendered":"https:\/\/streetmarkets.fr\/app\/produit\/culotte-taille-haute-onyx-noir\/"},"modified":"2025-11-24T00:17:57","modified_gmt":"2025-11-23T23:17:57","slug":"culotte-taille-haute-onyx-noir","status":"publish","type":"product","link":"https:\/\/streetmarkets.fr\/app\/produit\/culotte-taille-haute-onyx-noir\/","title":{"rendered":"Culotte taille haute Onyx &#8211; Noir"},"content":{"rendered":"<p>Une taille haute qui lisse visuellement le ventre, une coupe couvrante qui met en valeur les hanches, et une mati\u00e8re douce qui se fait oublier sous les v\u00eatements : ce mod\u00e8le coche les cases de la culotte confortable et flatteuse. En noir profond, il s\u2019associe avec tout et accompagne aussi bien le quotidien qu\u2019une tenue plus habill\u00e9e.<br \/>\nOn aime son maintien l\u00e9ger, la sensation de douceur au porter et l\u2019effet silhouette naturellement galb\u00e9e. Parfait sous un jean taille haute, une jupe crayon ou une robe fluide, c\u2019est le sous-v\u00eatement facile \u00e0 d\u00e9gainer quand on veut \u00eatre \u00e0 l\u2019aise sans renoncer \u00e0 l\u2019\u00e9l\u00e9gance.<\/p>\n","protected":false},"excerpt":{"rendered":"<p>Une taille haute qui lisse visuellement le ventre, une coupe couvrante qui met en valeur les hanches, et une mati\u00e8re douce qui se fait oublier sous les v\u00eatements : ce mod\u00e8le coche les cases de la culotte confortable et flatteuse. En noir profond, il s\u2019associe avec tout et accompagne aussi bien le quotidien qu\u2019une tenue [&hellip;]<\/p>\n","protected":false},"featured_media":772947,"comment_status":"open","ping_status":"closed","template":"","meta":[],"product_brand":[],"product_cat":[1756,1762],"product_tag":[1810],"acf":[],"_links":{"self":[{"href":"https:\/\/streetmarkets.fr\/app\/wp-json\/wp\/v2\/product\/772946"}],"collection":[{"href":"https:\/\/streetmarkets.fr\/app\/wp-json\/wp\/v2\/product"}],"about":[{"href":"https:\/\/streetmarkets.fr\/app\/wp-json\/wp\/v2\/types\/product"}],"replies":[{"embeddable":true,"href":"https:\/\/streetmarkets.fr\/app\/wp-json\/wp\/v2\/comments?post=772946"}],"wp:featuredmedia":[{"embeddable":true,"href":"https:\/\/streetmarkets.fr\/app\/wp-json\/wp\/v2\/media\/772947"}],"wp:attachment":[{"href":"https:\/\/streetmarkets.fr\/app\/wp-json\/wp\/v2\/media?parent=772946"}],"wp:term":[{"taxonomy":"product_brand","embeddable":true,"href":"https:\/\/streetmarkets.fr\/app\/wp-json\/wp\/v2\/product_brand?post=772946"},{"taxonomy":"product_cat","embeddable":true,"href":"https:\/\/streetmarkets.fr\/app\/wp-json\/wp\/v2\/product_cat?post=772946"},{"taxonomy":"product_tag","embeddable":true,"href":"https:\/\/streetmarkets.fr\/app\/wp-json\/wp\/v2\/product_tag?post=772946"}],"curies":[{"name":"wp","href":"https:\/\/api.w.org\/{rel}","templated":true}]}}