{"id":772926,"date":"2024-10-22T14:17:18","date_gmt":"2024-10-22T12:17:18","guid":{"rendered":"https:\/\/streetmarkets.fr\/app\/produit\/brassiere-onyx-noir\/"},"modified":"2025-11-24T00:17:27","modified_gmt":"2025-11-23T23:17:27","slug":"brassiere-onyx-noir","status":"publish","type":"product","link":"https:\/\/streetmarkets.fr\/app\/produit\/brassiere-onyx-noir\/","title":{"rendered":"Brassi\u00e8re Onyx &#8211; Noir"},"content":{"rendered":"<p>Pens\u00e9e pour le confort de tous les jours, cette brassi\u00e8re associe un coton biologique ultra doux et un tulle italien recycl\u00e9 au tomb\u00e9 d\u00e9licat. L\u2019\u00e9lastique large soutient sans comprimer, tandis que l\u2019agrafe \u00e0 trois positions permet un ajustement pr\u00e9cis selon vos envies. Le noir profond et le jeu de transparence apportent une touche chic sous une chemise ou un tee-shirt. Dessin\u00e9e \u00e0 Paris et fabriqu\u00e9e en Hongrie, elle mise sur des mati\u00e8res certifi\u00e9es (GOTS, Oeko\u2011Tex 100) et du polyamide recycl\u00e9 Q\u2011NOVA pour une lingerie \u00e9co\u2011responsable et agr\u00e9able \u00e0 porter.<\/p>\n","protected":false},"excerpt":{"rendered":"<p>Pens\u00e9e pour le confort de tous les jours, cette brassi\u00e8re associe un coton biologique ultra doux et un tulle italien recycl\u00e9 au tomb\u00e9 d\u00e9licat. L\u2019\u00e9lastique large soutient sans comprimer, tandis que l\u2019agrafe \u00e0 trois positions permet un ajustement pr\u00e9cis selon vos envies. Le noir profond et le jeu de transparence apportent une touche chic sous [&hellip;]<\/p>\n","protected":false},"featured_media":772927,"comment_status":"open","ping_status":"closed","template":"","meta":[],"product_brand":[],"product_cat":[1756,1762],"product_tag":[1810],"acf":[],"_links":{"self":[{"href":"https:\/\/streetmarkets.fr\/app\/wp-json\/wp\/v2\/product\/772926"}],"collection":[{"href":"https:\/\/streetmarkets.fr\/app\/wp-json\/wp\/v2\/product"}],"about":[{"href":"https:\/\/streetmarkets.fr\/app\/wp-json\/wp\/v2\/types\/product"}],"replies":[{"embeddable":true,"href":"https:\/\/streetmarkets.fr\/app\/wp-json\/wp\/v2\/comments?post=772926"}],"wp:featuredmedia":[{"embeddable":true,"href":"https:\/\/streetmarkets.fr\/app\/wp-json\/wp\/v2\/media\/772927"}],"wp:attachment":[{"href":"https:\/\/streetmarkets.fr\/app\/wp-json\/wp\/v2\/media?parent=772926"}],"wp:term":[{"taxonomy":"product_brand","embeddable":true,"href":"https:\/\/streetmarkets.fr\/app\/wp-json\/wp\/v2\/product_brand?post=772926"},{"taxonomy":"product_cat","embeddable":true,"href":"https:\/\/streetmarkets.fr\/app\/wp-json\/wp\/v2\/product_cat?post=772926"},{"taxonomy":"product_tag","embeddable":true,"href":"https:\/\/streetmarkets.fr\/app\/wp-json\/wp\/v2\/product_tag?post=772926"}],"curies":[{"name":"wp","href":"https:\/\/api.w.org\/{rel}","templated":true}]}}