{"id":772862,"date":"2024-10-22T14:17:15","date_gmt":"2024-10-22T12:17:15","guid":{"rendered":"https:\/\/streetmarkets.fr\/app\/produit\/sac-banane-olivia\/"},"modified":"2025-11-24T00:17:26","modified_gmt":"2025-11-23T23:17:26","slug":"sac-banane-olivia","status":"publish","type":"product","link":"https:\/\/streetmarkets.fr\/app\/produit\/sac-banane-olivia\/","title":{"rendered":"Sac banane Olivia"},"content":{"rendered":"<p>Pratique sans compromis sur le style, ce mod\u00e8le a \u00e9t\u00e9 pens\u00e9 pour vous suivre partout, de la ville au v\u00e9lo. Sa toile de coton biologique \u00e9paisse (500 g\/m\u00b2, certifi\u00e9e GOTS) lui donne une vraie tenue et une belle allure, tout en r\u00e9sistant au quotidien. La fermeture \u00e9clair solide s\u00e9curise vos essentiels et la bandouli\u00e8re ajustable permet de la porter \u00e0 la taille, en travers du buste ou \u00e0 l\u2019\u00e9paule.<br \/>\nDessin\u00e9 en France et fabriqu\u00e9 par l\u2019ONG indienne SSMI, qui \u0153uvre \u00e0 l\u2019\u00e9mancipation des femmes et \u00e0 l\u2019\u00e9ducation des enfants, il coche les cases d\u2019un accessoire responsable et durable. Le format (L 32 x H 15 x P 9 cm) accueille l\u2019essentiel \u2014 t\u00e9l\u00e9phone, portefeuille, cl\u00e9s \u2014 sans vous encombrer. Un vrai indispensable pour rester mains libres, avec une touche de style.<br \/>\nUn choix facile \u00e0 offrir et \u00e0 s\u2019offrir, pour celles qui veulent un sac banane \u00e9thique, confortable et fiable au quotidien.<\/p>\n","protected":false},"excerpt":{"rendered":"<p>Pratique sans compromis sur le style, ce mod\u00e8le a \u00e9t\u00e9 pens\u00e9 pour vous suivre partout, de la ville au v\u00e9lo. Sa toile de coton biologique \u00e9paisse (500 g\/m\u00b2, certifi\u00e9e GOTS) lui donne une vraie tenue et une belle allure, tout en r\u00e9sistant au quotidien. La fermeture \u00e9clair solide s\u00e9curise vos essentiels et la bandouli\u00e8re ajustable [&hellip;]<\/p>\n","protected":false},"featured_media":772863,"comment_status":"open","ping_status":"closed","template":"","meta":[],"product_brand":[7126],"product_cat":[1756,1764],"product_tag":[1810],"acf":[],"_links":{"self":[{"href":"https:\/\/streetmarkets.fr\/app\/wp-json\/wp\/v2\/product\/772862"}],"collection":[{"href":"https:\/\/streetmarkets.fr\/app\/wp-json\/wp\/v2\/product"}],"about":[{"href":"https:\/\/streetmarkets.fr\/app\/wp-json\/wp\/v2\/types\/product"}],"replies":[{"embeddable":true,"href":"https:\/\/streetmarkets.fr\/app\/wp-json\/wp\/v2\/comments?post=772862"}],"wp:featuredmedia":[{"embeddable":true,"href":"https:\/\/streetmarkets.fr\/app\/wp-json\/wp\/v2\/media\/772863"}],"wp:attachment":[{"href":"https:\/\/streetmarkets.fr\/app\/wp-json\/wp\/v2\/media?parent=772862"}],"wp:term":[{"taxonomy":"product_brand","embeddable":true,"href":"https:\/\/streetmarkets.fr\/app\/wp-json\/wp\/v2\/product_brand?post=772862"},{"taxonomy":"product_cat","embeddable":true,"href":"https:\/\/streetmarkets.fr\/app\/wp-json\/wp\/v2\/product_cat?post=772862"},{"taxonomy":"product_tag","embeddable":true,"href":"https:\/\/streetmarkets.fr\/app\/wp-json\/wp\/v2\/product_tag?post=772862"}],"curies":[{"name":"wp","href":"https:\/\/api.w.org\/{rel}","templated":true}]}}