{"id":772815,"date":"2024-10-22T14:17:12","date_gmt":"2024-10-22T12:17:12","guid":{"rendered":"https:\/\/streetmarkets.fr\/app\/produit\/trousse-de-toilette\/"},"modified":"2025-11-24T00:17:26","modified_gmt":"2025-11-23T23:17:26","slug":"trousse-de-toilette","status":"publish","type":"product","link":"https:\/\/streetmarkets.fr\/app\/produit\/trousse-de-toilette\/","title":{"rendered":"Trousse de toilette"},"content":{"rendered":"<p>Pens\u00e9e pour suivre le rythme du quotidien comme des escapades, cette trousse de toilette en toile de coton bio certifi\u00e9e GOTS mise sur l\u2019essentiel : une mati\u00e8re \u00e9paisse (500 g\/m\u00b2) qui tient bien, un format pratique pour regrouper soins, maquillage ou rasage, et un style simple qui va \u00e0 tout le monde.<br \/>\nDessin\u00e9e en France et confectionn\u00e9e par l\u2019ONG indienne SSMI, elle soutient l\u2019\u00e9mancipation des femmes et l\u2019\u00e9ducation des enfants, sans compromis sur la qualit\u00e9. Avec ses dimensions 22 \u00d7 16 \u00d7 8 cm, elle se glisse facilement dans un sac de voyage, une valise cabine ou reste sagement sur l\u2019\u00e9tag\u00e8re de la salle de bain.<br \/>\nUn accessoire utile, durable et vraiment responsable \u2014 \u00e0 offrir ou \u00e0 s\u2019offrir quand on veut un cadeau \u00e9thique qui dure.<\/p>\n","protected":false},"excerpt":{"rendered":"<p>Pens\u00e9e pour suivre le rythme du quotidien comme des escapades, cette trousse de toilette en toile de coton bio certifi\u00e9e GOTS mise sur l\u2019essentiel : une mati\u00e8re \u00e9paisse (500 g\/m\u00b2) qui tient bien, un format pratique pour regrouper soins, maquillage ou rasage, et un style simple qui va \u00e0 tout le monde. Dessin\u00e9e en France [&hellip;]<\/p>\n","protected":false},"featured_media":772816,"comment_status":"open","ping_status":"closed","template":"","meta":[],"product_brand":[7126],"product_cat":[1756,1760],"product_tag":[1810],"acf":[],"_links":{"self":[{"href":"https:\/\/streetmarkets.fr\/app\/wp-json\/wp\/v2\/product\/772815"}],"collection":[{"href":"https:\/\/streetmarkets.fr\/app\/wp-json\/wp\/v2\/product"}],"about":[{"href":"https:\/\/streetmarkets.fr\/app\/wp-json\/wp\/v2\/types\/product"}],"replies":[{"embeddable":true,"href":"https:\/\/streetmarkets.fr\/app\/wp-json\/wp\/v2\/comments?post=772815"}],"wp:featuredmedia":[{"embeddable":true,"href":"https:\/\/streetmarkets.fr\/app\/wp-json\/wp\/v2\/media\/772816"}],"wp:attachment":[{"href":"https:\/\/streetmarkets.fr\/app\/wp-json\/wp\/v2\/media?parent=772815"}],"wp:term":[{"taxonomy":"product_brand","embeddable":true,"href":"https:\/\/streetmarkets.fr\/app\/wp-json\/wp\/v2\/product_brand?post=772815"},{"taxonomy":"product_cat","embeddable":true,"href":"https:\/\/streetmarkets.fr\/app\/wp-json\/wp\/v2\/product_cat?post=772815"},{"taxonomy":"product_tag","embeddable":true,"href":"https:\/\/streetmarkets.fr\/app\/wp-json\/wp\/v2\/product_tag?post=772815"}],"curies":[{"name":"wp","href":"https:\/\/api.w.org\/{rel}","templated":true}]}}