{"id":772505,"date":"2024-10-22T14:16:54","date_gmt":"2024-10-22T12:16:54","guid":{"rendered":"https:\/\/streetmarkets.fr\/app\/produit\/chemise-de-pyjama-coton-bio-celosie\/"},"modified":"2025-11-24T00:17:24","modified_gmt":"2025-11-23T23:17:24","slug":"chemise-de-pyjama-coton-bio-celosie","status":"publish","type":"product","link":"https:\/\/streetmarkets.fr\/app\/produit\/chemise-de-pyjama-coton-bio-celosie\/","title":{"rendered":"Chemise de pyjama coton bio C\u00c9LOSIE"},"content":{"rendered":"<p>Une popeline de coton bio, l\u00e9g\u00e8re et respirante, pour des nuits fra\u00eeches et des matins faciles. Cette chemise de pyjama combine douceur, tenue et simplicit\u00e9, avec une coupe pens\u00e9e pour le confort et un tomb\u00e9 net propre \u00e0 la popeline. On l\u2019adore autant en haut de pyjama qu\u2019en chemise de jour, rentr\u00e9e dans un jean. Le plus qui change tout : des boutons recycl\u00e9s et recyclables, et une fabrication \u00e9thique au Portugal. \u00c0 porter avec le pantalon C\u00e9losie pour un ensemble coordonn\u00e9, ou \u00e0 mixer avec le pantalon Dahlia, les shorts Ipom\u00e9e ou Iris. Un indispensable chic et facile \u00e0 offrir, pour celles qui veulent dormir (et vivre) en coton bio.<\/p>\n","protected":false},"excerpt":{"rendered":"<p>Une popeline de coton bio, l\u00e9g\u00e8re et respirante, pour des nuits fra\u00eeches et des matins faciles. Cette chemise de pyjama combine douceur, tenue et simplicit\u00e9, avec une coupe pens\u00e9e pour le confort et un tomb\u00e9 net propre \u00e0 la popeline. On l\u2019adore autant en haut de pyjama qu\u2019en chemise de jour, rentr\u00e9e dans un jean. [&hellip;]<\/p>\n","protected":false},"featured_media":772506,"comment_status":"open","ping_status":"closed","template":"","meta":[],"product_brand":[],"product_cat":[1756,1762],"product_tag":[1810],"acf":[],"_links":{"self":[{"href":"https:\/\/streetmarkets.fr\/app\/wp-json\/wp\/v2\/product\/772505"}],"collection":[{"href":"https:\/\/streetmarkets.fr\/app\/wp-json\/wp\/v2\/product"}],"about":[{"href":"https:\/\/streetmarkets.fr\/app\/wp-json\/wp\/v2\/types\/product"}],"replies":[{"embeddable":true,"href":"https:\/\/streetmarkets.fr\/app\/wp-json\/wp\/v2\/comments?post=772505"}],"wp:featuredmedia":[{"embeddable":true,"href":"https:\/\/streetmarkets.fr\/app\/wp-json\/wp\/v2\/media\/772506"}],"wp:attachment":[{"href":"https:\/\/streetmarkets.fr\/app\/wp-json\/wp\/v2\/media?parent=772505"}],"wp:term":[{"taxonomy":"product_brand","embeddable":true,"href":"https:\/\/streetmarkets.fr\/app\/wp-json\/wp\/v2\/product_brand?post=772505"},{"taxonomy":"product_cat","embeddable":true,"href":"https:\/\/streetmarkets.fr\/app\/wp-json\/wp\/v2\/product_cat?post=772505"},{"taxonomy":"product_tag","embeddable":true,"href":"https:\/\/streetmarkets.fr\/app\/wp-json\/wp\/v2\/product_tag?post=772505"}],"curies":[{"name":"wp","href":"https:\/\/api.w.org\/{rel}","templated":true}]}}