{"id":772455,"date":"2024-10-22T14:16:21","date_gmt":"2024-10-22T12:16:21","guid":{"rendered":"https:\/\/streetmarkets.fr\/app\/produit\/legging-surya\/"},"modified":"2025-11-24T00:17:24","modified_gmt":"2025-11-23T23:17:24","slug":"legging-surya","status":"publish","type":"product","link":"https:\/\/streetmarkets.fr\/app\/produit\/legging-surya\/","title":{"rendered":"Legging Surya"},"content":{"rendered":"<p>Pens\u00e9 avec Gayaskin, le premier legging de yoga d\u2019Olly trouve l\u2019\u00e9quilibre juste entre maintien et confort. Sa base en Tencel offre une douceur imm\u00e9diate sur la peau et une belle respirabilit\u00e9, id\u00e9ale pour encha\u00eener les postures sans surchauffe ni g\u00eane.<br \/>\nGr\u00e2ce \u00e0 l\u2019\u00e9lasthanne recycl\u00e9, il accompagne chaque mouvement avec une \u00e9lasticit\u00e9 fluide, tandis que le polyamide recycl\u00e9 Q-Nova apporte tenue et r\u00e9sistance. Design\u00e9 \u00e0 Paris et fabriqu\u00e9 au Portugal, ce mod\u00e8le coche toutes les cases d\u2019un legging de yoga \u00e9co\u2011con\u00e7u pour les pratiques \u00e0 faible \u00e0 moyen impact\u2026 et pour les journ\u00e9es o\u00f9 l\u2019on veut juste \u00eatre bien.<\/p>\n","protected":false},"excerpt":{"rendered":"<p>Pens\u00e9 avec Gayaskin, le premier legging de yoga d\u2019Olly trouve l\u2019\u00e9quilibre juste entre maintien et confort. Sa base en Tencel offre une douceur imm\u00e9diate sur la peau et une belle respirabilit\u00e9, id\u00e9ale pour encha\u00eener les postures sans surchauffe ni g\u00eane. Gr\u00e2ce \u00e0 l\u2019\u00e9lasthanne recycl\u00e9, il accompagne chaque mouvement avec une \u00e9lasticit\u00e9 fluide, tandis que le [&hellip;]<\/p>\n","protected":false},"featured_media":772456,"comment_status":"open","ping_status":"closed","template":"","meta":[],"product_brand":[],"product_cat":[1756,1762],"product_tag":[1810],"acf":[],"_links":{"self":[{"href":"https:\/\/streetmarkets.fr\/app\/wp-json\/wp\/v2\/product\/772455"}],"collection":[{"href":"https:\/\/streetmarkets.fr\/app\/wp-json\/wp\/v2\/product"}],"about":[{"href":"https:\/\/streetmarkets.fr\/app\/wp-json\/wp\/v2\/types\/product"}],"replies":[{"embeddable":true,"href":"https:\/\/streetmarkets.fr\/app\/wp-json\/wp\/v2\/comments?post=772455"}],"wp:featuredmedia":[{"embeddable":true,"href":"https:\/\/streetmarkets.fr\/app\/wp-json\/wp\/v2\/media\/772456"}],"wp:attachment":[{"href":"https:\/\/streetmarkets.fr\/app\/wp-json\/wp\/v2\/media?parent=772455"}],"wp:term":[{"taxonomy":"product_brand","embeddable":true,"href":"https:\/\/streetmarkets.fr\/app\/wp-json\/wp\/v2\/product_brand?post=772455"},{"taxonomy":"product_cat","embeddable":true,"href":"https:\/\/streetmarkets.fr\/app\/wp-json\/wp\/v2\/product_cat?post=772455"},{"taxonomy":"product_tag","embeddable":true,"href":"https:\/\/streetmarkets.fr\/app\/wp-json\/wp\/v2\/product_tag?post=772455"}],"curies":[{"name":"wp","href":"https:\/\/api.w.org\/{rel}","templated":true}]}}