{"id":772425,"date":"2024-10-22T14:16:19","date_gmt":"2024-10-22T12:16:19","guid":{"rendered":"https:\/\/streetmarkets.fr\/app\/produit\/short-de-pyjama-en-gaze-de-coton-bio-iris\/"},"modified":"2025-11-24T00:17:24","modified_gmt":"2025-11-23T23:17:24","slug":"short-de-pyjama-en-gaze-de-coton-bio-iris","status":"publish","type":"product","link":"https:\/\/streetmarkets.fr\/app\/produit\/short-de-pyjama-en-gaze-de-coton-bio-iris\/","title":{"rendered":"Short de pyjama en gaze de coton bio IRIS"},"content":{"rendered":"<p>Le short IRIS est un indispensable doux et l\u00e9ger pour la nuit comme pour la maison. Con\u00e7u en double gaze de coton bio, il offre une sensation a\u00e9rienne sur la peau, id\u00e9ale pour dormir ou chiller sans transpirer. Sa texture l\u00e9g\u00e8rement gaufr\u00e9e lui donne un tomb\u00e9 naturel et un style facile \u00e0 vivre.<\/p>\n<p>On l\u2019associe en ensemble avec la chemise Iris, on mixe avec le caraco Ipom\u00e9e ou les chemises Dahlia et C\u00e9losie, et on le porte m\u00eame en ville avec un tee blanc ou une chemise oversize. Fabriqu\u00e9 \u00e9thiquement au Portugal, ce short de pyjama femme en coton bio coche toutes les cases d\u2019un homewear \u00e9thique, confortable et beau.<\/p>\n","protected":false},"excerpt":{"rendered":"<p>Le short IRIS est un indispensable doux et l\u00e9ger pour la nuit comme pour la maison. Con\u00e7u en double gaze de coton bio, il offre une sensation a\u00e9rienne sur la peau, id\u00e9ale pour dormir ou chiller sans transpirer. Sa texture l\u00e9g\u00e8rement gaufr\u00e9e lui donne un tomb\u00e9 naturel et un style facile \u00e0 vivre. On l\u2019associe [&hellip;]<\/p>\n","protected":false},"featured_media":772426,"comment_status":"open","ping_status":"closed","template":"","meta":[],"product_brand":[],"product_cat":[1756,1762],"product_tag":[1810],"acf":[],"_links":{"self":[{"href":"https:\/\/streetmarkets.fr\/app\/wp-json\/wp\/v2\/product\/772425"}],"collection":[{"href":"https:\/\/streetmarkets.fr\/app\/wp-json\/wp\/v2\/product"}],"about":[{"href":"https:\/\/streetmarkets.fr\/app\/wp-json\/wp\/v2\/types\/product"}],"replies":[{"embeddable":true,"href":"https:\/\/streetmarkets.fr\/app\/wp-json\/wp\/v2\/comments?post=772425"}],"wp:featuredmedia":[{"embeddable":true,"href":"https:\/\/streetmarkets.fr\/app\/wp-json\/wp\/v2\/media\/772426"}],"wp:attachment":[{"href":"https:\/\/streetmarkets.fr\/app\/wp-json\/wp\/v2\/media?parent=772425"}],"wp:term":[{"taxonomy":"product_brand","embeddable":true,"href":"https:\/\/streetmarkets.fr\/app\/wp-json\/wp\/v2\/product_brand?post=772425"},{"taxonomy":"product_cat","embeddable":true,"href":"https:\/\/streetmarkets.fr\/app\/wp-json\/wp\/v2\/product_cat?post=772425"},{"taxonomy":"product_tag","embeddable":true,"href":"https:\/\/streetmarkets.fr\/app\/wp-json\/wp\/v2\/product_tag?post=772425"}],"curies":[{"name":"wp","href":"https:\/\/api.w.org\/{rel}","templated":true}]}}