{"id":772413,"date":"2024-10-22T14:16:18","date_gmt":"2024-10-22T12:16:18","guid":{"rendered":"https:\/\/streetmarkets.fr\/app\/produit\/pantalon-de-pyjama-en-coton-bio-celosie\/"},"modified":"2025-11-24T00:17:24","modified_gmt":"2025-11-23T23:17:24","slug":"pantalon-de-pyjama-en-coton-bio-celosie","status":"publish","type":"product","link":"https:\/\/streetmarkets.fr\/app\/produit\/pantalon-de-pyjama-en-coton-bio-celosie\/","title":{"rendered":"Pantalon de pyjama en coton bio C\u00c9LOSIE"},"content":{"rendered":"<p>Un essentiel doux et bien coup\u00e9 pour les nuits paisibles comme pour les journ\u00e9es d\u00e9tendues. Taill\u00e9 dans une popeline de coton bio certifi\u00e9e GOTS, il est l\u00e9ger, respirant et agr\u00e9able au contact de la peau. Le tissage serr\u00e9 de la popeline apporte ce tomb\u00e9 net et soign\u00e9 qui le rend joli \u00e0 porter, m\u00eame en dehors de la maison.<br \/>\nPens\u00e9 pour s\u2019associer sans effort, il se porte en ensemble avec la chemise C\u00e9losie, en d\u00e9pareill\u00e9 avec le caraco Ipom\u00e9e ou les chemises Iris et Dahlia, et se glisse aussi dans un look de jour avec un tee simple et des baskets. Le plus qui fait la diff\u00e9rence: une fabrication \u00e9thique au Portugal.<\/p>\n","protected":false},"excerpt":{"rendered":"<p>Un essentiel doux et bien coup\u00e9 pour les nuits paisibles comme pour les journ\u00e9es d\u00e9tendues. Taill\u00e9 dans une popeline de coton bio certifi\u00e9e GOTS, il est l\u00e9ger, respirant et agr\u00e9able au contact de la peau. Le tissage serr\u00e9 de la popeline apporte ce tomb\u00e9 net et soign\u00e9 qui le rend joli \u00e0 porter, m\u00eame en [&hellip;]<\/p>\n","protected":false},"featured_media":772414,"comment_status":"open","ping_status":"closed","template":"","meta":[],"product_brand":[],"product_cat":[1756,1762],"product_tag":[1810],"acf":[],"_links":{"self":[{"href":"https:\/\/streetmarkets.fr\/app\/wp-json\/wp\/v2\/product\/772413"}],"collection":[{"href":"https:\/\/streetmarkets.fr\/app\/wp-json\/wp\/v2\/product"}],"about":[{"href":"https:\/\/streetmarkets.fr\/app\/wp-json\/wp\/v2\/types\/product"}],"replies":[{"embeddable":true,"href":"https:\/\/streetmarkets.fr\/app\/wp-json\/wp\/v2\/comments?post=772413"}],"wp:featuredmedia":[{"embeddable":true,"href":"https:\/\/streetmarkets.fr\/app\/wp-json\/wp\/v2\/media\/772414"}],"wp:attachment":[{"href":"https:\/\/streetmarkets.fr\/app\/wp-json\/wp\/v2\/media?parent=772413"}],"wp:term":[{"taxonomy":"product_brand","embeddable":true,"href":"https:\/\/streetmarkets.fr\/app\/wp-json\/wp\/v2\/product_brand?post=772413"},{"taxonomy":"product_cat","embeddable":true,"href":"https:\/\/streetmarkets.fr\/app\/wp-json\/wp\/v2\/product_cat?post=772413"},{"taxonomy":"product_tag","embeddable":true,"href":"https:\/\/streetmarkets.fr\/app\/wp-json\/wp\/v2\/product_tag?post=772413"}],"curies":[{"name":"wp","href":"https:\/\/api.w.org\/{rel}","templated":true}]}}