{"id":772317,"date":"2024-10-22T14:16:10","date_gmt":"2024-10-22T12:16:10","guid":{"rendered":"https:\/\/streetmarkets.fr\/app\/produit\/shorty-neva-noir\/"},"modified":"2025-11-24T00:17:23","modified_gmt":"2025-11-23T23:17:23","slug":"shorty-neva-noir","status":"publish","type":"product","link":"https:\/\/streetmarkets.fr\/app\/produit\/shorty-neva-noir\/","title":{"rendered":"Shorty Neva &#8211; Noir"},"content":{"rendered":"<p>Un shorty pens\u00e9 pour le quotidien, qui fait rimer confort et allure. Le coton biologique certifi\u00e9 GOTS caresse la peau et laisse respirer, tandis que le tulle en fibres recycl\u00e9es apporte une touche l\u00e9g\u00e8re et \u00e9l\u00e9gante. Noir, intemporel, il se glisse sous toutes les tenues sans prise de t\u00eate. Dessin\u00e9 \u00e0 Paris et fabriqu\u00e9 en Hongrie, ce mod\u00e8le r\u00e9unit mati\u00e8res responsables et style, pour une lingerie \u00e9thique qui ne sacrifie rien au plaisir de porter.<\/p>\n","protected":false},"excerpt":{"rendered":"<p>Un shorty pens\u00e9 pour le quotidien, qui fait rimer confort et allure. Le coton biologique certifi\u00e9 GOTS caresse la peau et laisse respirer, tandis que le tulle en fibres recycl\u00e9es apporte une touche l\u00e9g\u00e8re et \u00e9l\u00e9gante. Noir, intemporel, il se glisse sous toutes les tenues sans prise de t\u00eate. Dessin\u00e9 \u00e0 Paris et fabriqu\u00e9 en [&hellip;]<\/p>\n","protected":false},"featured_media":772318,"comment_status":"open","ping_status":"closed","template":"","meta":[],"product_brand":[],"product_cat":[1756,1762],"product_tag":[1810],"acf":[],"_links":{"self":[{"href":"https:\/\/streetmarkets.fr\/app\/wp-json\/wp\/v2\/product\/772317"}],"collection":[{"href":"https:\/\/streetmarkets.fr\/app\/wp-json\/wp\/v2\/product"}],"about":[{"href":"https:\/\/streetmarkets.fr\/app\/wp-json\/wp\/v2\/types\/product"}],"replies":[{"embeddable":true,"href":"https:\/\/streetmarkets.fr\/app\/wp-json\/wp\/v2\/comments?post=772317"}],"wp:featuredmedia":[{"embeddable":true,"href":"https:\/\/streetmarkets.fr\/app\/wp-json\/wp\/v2\/media\/772318"}],"wp:attachment":[{"href":"https:\/\/streetmarkets.fr\/app\/wp-json\/wp\/v2\/media?parent=772317"}],"wp:term":[{"taxonomy":"product_brand","embeddable":true,"href":"https:\/\/streetmarkets.fr\/app\/wp-json\/wp\/v2\/product_brand?post=772317"},{"taxonomy":"product_cat","embeddable":true,"href":"https:\/\/streetmarkets.fr\/app\/wp-json\/wp\/v2\/product_cat?post=772317"},{"taxonomy":"product_tag","embeddable":true,"href":"https:\/\/streetmarkets.fr\/app\/wp-json\/wp\/v2\/product_tag?post=772317"}],"curies":[{"name":"wp","href":"https:\/\/api.w.org\/{rel}","templated":true}]}}