{"id":772299,"date":"2024-10-22T14:16:09","date_gmt":"2024-10-22T12:16:09","guid":{"rendered":"https:\/\/streetmarkets.fr\/app\/produit\/soutien-gorge-foulard-neva-noir\/"},"modified":"2025-11-24T00:17:23","modified_gmt":"2025-11-23T23:17:23","slug":"soutien-gorge-foulard-neva-noir","status":"publish","type":"product","link":"https:\/\/streetmarkets.fr\/app\/produit\/soutien-gorge-foulard-neva-noir\/","title":{"rendered":"Soutien-gorge Foulard Neva &#8211; Noir"},"content":{"rendered":"<p>Un basique chic qui fait du bien \u00e0 la peau comme au regard. Ce mod\u00e8le m\u00eale la douceur du coton biologique \u00e0 la d\u00e9licatesse d\u2019un tulle recycl\u00e9, anim\u00e9 de motifs floraux en velours. Le noir profond et la coupe foulard dessinent un d\u00e9collet\u00e9 naturel, \u00e9l\u00e9gant sans en faire trop.<br \/>\nPens\u00e9 pour le quotidien, il reste l\u00e9ger et respirant, agr\u00e9able du matin au soir. Dessin\u00e9 \u00e0 Paris et fabriqu\u00e9 en Hongrie, il s\u2019appuie sur des mati\u00e8res certifi\u00e9es pour une lingerie jolie, durable et fiable.<\/p>\n","protected":false},"excerpt":{"rendered":"<p>Un basique chic qui fait du bien \u00e0 la peau comme au regard. Ce mod\u00e8le m\u00eale la douceur du coton biologique \u00e0 la d\u00e9licatesse d\u2019un tulle recycl\u00e9, anim\u00e9 de motifs floraux en velours. Le noir profond et la coupe foulard dessinent un d\u00e9collet\u00e9 naturel, \u00e9l\u00e9gant sans en faire trop. Pens\u00e9 pour le quotidien, il reste [&hellip;]<\/p>\n","protected":false},"featured_media":772300,"comment_status":"open","ping_status":"closed","template":"","meta":[],"product_brand":[],"product_cat":[1756,1762],"product_tag":[1810],"acf":[],"_links":{"self":[{"href":"https:\/\/streetmarkets.fr\/app\/wp-json\/wp\/v2\/product\/772299"}],"collection":[{"href":"https:\/\/streetmarkets.fr\/app\/wp-json\/wp\/v2\/product"}],"about":[{"href":"https:\/\/streetmarkets.fr\/app\/wp-json\/wp\/v2\/types\/product"}],"replies":[{"embeddable":true,"href":"https:\/\/streetmarkets.fr\/app\/wp-json\/wp\/v2\/comments?post=772299"}],"wp:featuredmedia":[{"embeddable":true,"href":"https:\/\/streetmarkets.fr\/app\/wp-json\/wp\/v2\/media\/772300"}],"wp:attachment":[{"href":"https:\/\/streetmarkets.fr\/app\/wp-json\/wp\/v2\/media?parent=772299"}],"wp:term":[{"taxonomy":"product_brand","embeddable":true,"href":"https:\/\/streetmarkets.fr\/app\/wp-json\/wp\/v2\/product_brand?post=772299"},{"taxonomy":"product_cat","embeddable":true,"href":"https:\/\/streetmarkets.fr\/app\/wp-json\/wp\/v2\/product_cat?post=772299"},{"taxonomy":"product_tag","embeddable":true,"href":"https:\/\/streetmarkets.fr\/app\/wp-json\/wp\/v2\/product_tag?post=772299"}],"curies":[{"name":"wp","href":"https:\/\/api.w.org\/{rel}","templated":true}]}}