{"id":772287,"date":"2024-10-22T14:16:08","date_gmt":"2024-10-22T12:16:08","guid":{"rendered":"https:\/\/streetmarkets.fr\/app\/produit\/chausson-mixte-camel\/"},"modified":"2025-11-24T00:16:51","modified_gmt":"2025-11-23T23:16:51","slug":"chausson-mixte-camel","status":"publish","type":"product","link":"https:\/\/streetmarkets.fr\/app\/produit\/chausson-mixte-camel\/","title":{"rendered":"Chausson mixte camel"},"content":{"rendered":"<p>Un vrai moment cocooning d\u00e8s qu\u2019on l\u2019enfile. Ce chausson en peau de mouton 100 % M\u00e9rinos est <strong>l\u00e9ger, moelleux et naturellement chaud<\/strong>. Fabriqu\u00e9 \u00e0 la main dans le Tarn et <strong>teint\u00e9 \u00e0 la sciure de bois<\/strong>, il affiche un camel chaleureux qui va avec tout. \u00c0 l\u2019int\u00e9rieur, la laine enveloppe le pied et isole du froid pour un confort imm\u00e9diat. Pour la maison, c\u2019est l\u2019alli\u00e9 douceur des soir\u00e9es d\u2019hiver comme des matin\u00e9es fra\u00eeches. Il taille juste : <strong>choisissez une pointure au-dessus<\/strong> de votre taille habituelle, la laine se tasse l\u00e9g\u00e8rement pour \u00e9pouser la forme du pied.<\/p>\n","protected":false},"excerpt":{"rendered":"<p>Un vrai moment cocooning d\u00e8s qu\u2019on l\u2019enfile. Ce chausson en peau de mouton 100 % M\u00e9rinos est l\u00e9ger, moelleux et naturellement chaud. Fabriqu\u00e9 \u00e0 la main dans le Tarn et teint\u00e9 \u00e0 la sciure de bois, il affiche un camel chaleureux qui va avec tout. \u00c0 l\u2019int\u00e9rieur, la laine enveloppe le pied et isole du [&hellip;]<\/p>\n","protected":false},"featured_media":772288,"comment_status":"open","ping_status":"closed","template":"","meta":[],"product_brand":[],"product_cat":[1756,1763],"product_tag":[1810],"acf":[],"_links":{"self":[{"href":"https:\/\/streetmarkets.fr\/app\/wp-json\/wp\/v2\/product\/772287"}],"collection":[{"href":"https:\/\/streetmarkets.fr\/app\/wp-json\/wp\/v2\/product"}],"about":[{"href":"https:\/\/streetmarkets.fr\/app\/wp-json\/wp\/v2\/types\/product"}],"replies":[{"embeddable":true,"href":"https:\/\/streetmarkets.fr\/app\/wp-json\/wp\/v2\/comments?post=772287"}],"wp:featuredmedia":[{"embeddable":true,"href":"https:\/\/streetmarkets.fr\/app\/wp-json\/wp\/v2\/media\/772288"}],"wp:attachment":[{"href":"https:\/\/streetmarkets.fr\/app\/wp-json\/wp\/v2\/media?parent=772287"}],"wp:term":[{"taxonomy":"product_brand","embeddable":true,"href":"https:\/\/streetmarkets.fr\/app\/wp-json\/wp\/v2\/product_brand?post=772287"},{"taxonomy":"product_cat","embeddable":true,"href":"https:\/\/streetmarkets.fr\/app\/wp-json\/wp\/v2\/product_cat?post=772287"},{"taxonomy":"product_tag","embeddable":true,"href":"https:\/\/streetmarkets.fr\/app\/wp-json\/wp\/v2\/product_tag?post=772287"}],"curies":[{"name":"wp","href":"https:\/\/api.w.org\/{rel}","templated":true}]}}