{"id":772271,"date":"2024-10-22T14:16:06","date_gmt":"2024-10-22T12:16:06","guid":{"rendered":"https:\/\/streetmarkets.fr\/app\/produit\/pantoufle-bio-unisexe-la-chocolatee\/"},"modified":"2025-11-24T00:16:51","modified_gmt":"2025-11-23T23:16:51","slug":"pantoufle-bio-unisexe-la-chocolatee","status":"publish","type":"product","link":"https:\/\/streetmarkets.fr\/app\/produit\/pantoufle-bio-unisexe-la-chocolatee\/","title":{"rendered":"Pantoufle bio unisexe &#8211; La chocolat\u00e9e"},"content":{"rendered":"<p>Un chausson d\u2019int\u00e9rieur pens\u00e9 pour le confort simple et durable. Cette paire en laine, fabriqu\u00e9e artisanalement au Portugal, enveloppe le pied d\u2019une chaleur respirante et \u00e9vite la moiteur gr\u00e2ce aux propri\u00e9t\u00e9s naturelles de la laine. La doublure en coton bio et les mati\u00e8res recycl\u00e9es apportent douceur et maintien au quotidien. Elle arrive dans un sac r\u00e9utilisable en fibre de bambou, pratique pour ranger ou offrir un cadeau cocooning avec du sens.<\/p>\n","protected":false},"excerpt":{"rendered":"<p>Un chausson d\u2019int\u00e9rieur pens\u00e9 pour le confort simple et durable. Cette paire en laine, fabriqu\u00e9e artisanalement au Portugal, enveloppe le pied d\u2019une chaleur respirante et \u00e9vite la moiteur gr\u00e2ce aux propri\u00e9t\u00e9s naturelles de la laine. La doublure en coton bio et les mati\u00e8res recycl\u00e9es apportent douceur et maintien au quotidien. Elle arrive dans un sac [&hellip;]<\/p>\n","protected":false},"featured_media":772272,"comment_status":"open","ping_status":"closed","template":"","meta":[],"product_brand":[],"product_cat":[1756,1759],"product_tag":[1810],"acf":[],"_links":{"self":[{"href":"https:\/\/streetmarkets.fr\/app\/wp-json\/wp\/v2\/product\/772271"}],"collection":[{"href":"https:\/\/streetmarkets.fr\/app\/wp-json\/wp\/v2\/product"}],"about":[{"href":"https:\/\/streetmarkets.fr\/app\/wp-json\/wp\/v2\/types\/product"}],"replies":[{"embeddable":true,"href":"https:\/\/streetmarkets.fr\/app\/wp-json\/wp\/v2\/comments?post=772271"}],"wp:featuredmedia":[{"embeddable":true,"href":"https:\/\/streetmarkets.fr\/app\/wp-json\/wp\/v2\/media\/772272"}],"wp:attachment":[{"href":"https:\/\/streetmarkets.fr\/app\/wp-json\/wp\/v2\/media?parent=772271"}],"wp:term":[{"taxonomy":"product_brand","embeddable":true,"href":"https:\/\/streetmarkets.fr\/app\/wp-json\/wp\/v2\/product_brand?post=772271"},{"taxonomy":"product_cat","embeddable":true,"href":"https:\/\/streetmarkets.fr\/app\/wp-json\/wp\/v2\/product_cat?post=772271"},{"taxonomy":"product_tag","embeddable":true,"href":"https:\/\/streetmarkets.fr\/app\/wp-json\/wp\/v2\/product_tag?post=772271"}],"curies":[{"name":"wp","href":"https:\/\/api.w.org\/{rel}","templated":true}]}}