{"id":772217,"date":"2024-10-22T14:16:02","date_gmt":"2024-10-22T12:16:02","guid":{"rendered":"https:\/\/streetmarkets.fr\/app\/produit\/porte-cartes-bleu-noir\/"},"modified":"2025-11-24T00:16:50","modified_gmt":"2025-11-23T23:16:50","slug":"porte-cartes-bleu-noir","status":"publish","type":"product","link":"https:\/\/streetmarkets.fr\/app\/produit\/porte-cartes-bleu-noir\/","title":{"rendered":"Porte-cartes &#8211; Bleu\/Noir"},"content":{"rendered":"<p>Vegan et pratique, ce porte-cartes en cuir de pomme r\u00e9unit l\u2019essentiel sans encombrer. Son format compact (11 x 8,5 cm) se glisse en poche ou dans un mini sac, tandis que ses 7 compartiments gardent cartes et petits papiers bien rang\u00e9s. La poche zipp\u00e9e s\u00e9curise billets pli\u00e9s et petits objets plats gr\u00e2ce \u00e0 un zip autobloquant YKK\u00ae. Le duo bleu\/noir est discret et \u00e9l\u00e9gant, facile \u00e0 assortir au quotidien. Fabriqu\u00e9 en Inde et sign\u00e9 DWYT, c\u2019est l\u2019accessoire simple, utile et \u00e9thique qu\u2019on garde longtemps.<\/p>\n","protected":false},"excerpt":{"rendered":"<p>Vegan et pratique, ce porte-cartes en cuir de pomme r\u00e9unit l\u2019essentiel sans encombrer. Son format compact (11 x 8,5 cm) se glisse en poche ou dans un mini sac, tandis que ses 7 compartiments gardent cartes et petits papiers bien rang\u00e9s. La poche zipp\u00e9e s\u00e9curise billets pli\u00e9s et petits objets plats gr\u00e2ce \u00e0 un zip [&hellip;]<\/p>\n","protected":false},"featured_media":772218,"comment_status":"open","ping_status":"closed","template":"","meta":[],"product_brand":[],"product_cat":[1756,1760],"product_tag":[1810],"acf":[],"_links":{"self":[{"href":"https:\/\/streetmarkets.fr\/app\/wp-json\/wp\/v2\/product\/772217"}],"collection":[{"href":"https:\/\/streetmarkets.fr\/app\/wp-json\/wp\/v2\/product"}],"about":[{"href":"https:\/\/streetmarkets.fr\/app\/wp-json\/wp\/v2\/types\/product"}],"replies":[{"embeddable":true,"href":"https:\/\/streetmarkets.fr\/app\/wp-json\/wp\/v2\/comments?post=772217"}],"wp:featuredmedia":[{"embeddable":true,"href":"https:\/\/streetmarkets.fr\/app\/wp-json\/wp\/v2\/media\/772218"}],"wp:attachment":[{"href":"https:\/\/streetmarkets.fr\/app\/wp-json\/wp\/v2\/media?parent=772217"}],"wp:term":[{"taxonomy":"product_brand","embeddable":true,"href":"https:\/\/streetmarkets.fr\/app\/wp-json\/wp\/v2\/product_brand?post=772217"},{"taxonomy":"product_cat","embeddable":true,"href":"https:\/\/streetmarkets.fr\/app\/wp-json\/wp\/v2\/product_cat?post=772217"},{"taxonomy":"product_tag","embeddable":true,"href":"https:\/\/streetmarkets.fr\/app\/wp-json\/wp\/v2\/product_tag?post=772217"}],"curies":[{"name":"wp","href":"https:\/\/api.w.org\/{rel}","templated":true}]}}