{"id":772164,"date":"2024-10-22T14:15:59","date_gmt":"2024-10-22T12:15:59","guid":{"rendered":"https:\/\/streetmarkets.fr\/app\/produit\/chaussures-alegre-suede-noir\/"},"modified":"2025-11-24T00:16:50","modified_gmt":"2025-11-23T23:16:50","slug":"chaussures-alegre-suede-noir","status":"publish","type":"product","link":"https:\/\/streetmarkets.fr\/app\/produit\/chaussures-alegre-suede-noir\/","title":{"rendered":"Chaussures Alegre &#8211; Suede noir"},"content":{"rendered":"<p>Inspir\u00e9e de la huarache mexicaine, cette paire revisite l\u2019iconique sandale tress\u00e9e dans une version en daim noir, \u00e0 la fois chic et ultra confortable. La tige en cuir de vachette, teint\u00e9e par tannage v\u00e9g\u00e9tal, est enti\u00e8rement tress\u00e9e \u00e0 la main. R\u00e9sultat : une chaussure respirante qui s\u2019assouplit et se forme \u00e0 votre pied au fil des pas, avec une semelle int\u00e9rieure en cuir agr\u00e9able pieds nus et une semelle ext\u00e9rieure en gomme pour un usage quotidien.<br \/>\nAu d\u00e9part, elle doit \u00eatre bien ajust\u00e9e : le cuir se d\u00e9tend en longueur et en largeur pour \u00e9pouser votre morphologie. On l\u2019adore pour son style facile \u00e0 porter \u2013 jean, robe, short \u2013 et pour son savoir\u2011faire artisanal soutenu par une d\u00e9marche de commerce \u00e9quitable.<\/p>\n","protected":false},"excerpt":{"rendered":"<p>Inspir\u00e9e de la huarache mexicaine, cette paire revisite l\u2019iconique sandale tress\u00e9e dans une version en daim noir, \u00e0 la fois chic et ultra confortable. La tige en cuir de vachette, teint\u00e9e par tannage v\u00e9g\u00e9tal, est enti\u00e8rement tress\u00e9e \u00e0 la main. R\u00e9sultat : une chaussure respirante qui s\u2019assouplit et se forme \u00e0 votre pied au fil [&hellip;]<\/p>\n","protected":false},"featured_media":772165,"comment_status":"open","ping_status":"closed","template":"","meta":[],"product_brand":[],"product_cat":[1756,1763],"product_tag":[1810],"acf":[],"_links":{"self":[{"href":"https:\/\/streetmarkets.fr\/app\/wp-json\/wp\/v2\/product\/772164"}],"collection":[{"href":"https:\/\/streetmarkets.fr\/app\/wp-json\/wp\/v2\/product"}],"about":[{"href":"https:\/\/streetmarkets.fr\/app\/wp-json\/wp\/v2\/types\/product"}],"replies":[{"embeddable":true,"href":"https:\/\/streetmarkets.fr\/app\/wp-json\/wp\/v2\/comments?post=772164"}],"wp:featuredmedia":[{"embeddable":true,"href":"https:\/\/streetmarkets.fr\/app\/wp-json\/wp\/v2\/media\/772165"}],"wp:attachment":[{"href":"https:\/\/streetmarkets.fr\/app\/wp-json\/wp\/v2\/media?parent=772164"}],"wp:term":[{"taxonomy":"product_brand","embeddable":true,"href":"https:\/\/streetmarkets.fr\/app\/wp-json\/wp\/v2\/product_brand?post=772164"},{"taxonomy":"product_cat","embeddable":true,"href":"https:\/\/streetmarkets.fr\/app\/wp-json\/wp\/v2\/product_cat?post=772164"},{"taxonomy":"product_tag","embeddable":true,"href":"https:\/\/streetmarkets.fr\/app\/wp-json\/wp\/v2\/product_tag?post=772164"}],"curies":[{"name":"wp","href":"https:\/\/api.w.org\/{rel}","templated":true}]}}