{"id":772151,"date":"2024-10-22T14:15:58","date_gmt":"2024-10-22T12:15:58","guid":{"rendered":"https:\/\/streetmarkets.fr\/app\/produit\/chaussures-loma-champagne\/"},"modified":"2025-11-24T00:16:50","modified_gmt":"2025-11-23T23:16:50","slug":"chaussures-loma-champagne","status":"publish","type":"product","link":"https:\/\/streetmarkets.fr\/app\/produit\/chaussures-loma-champagne\/","title":{"rendered":"Chaussures Loma &#8211; Champagne"},"content":{"rendered":"<p>Inspir\u00e9e de la traditionnelle huarache mexicaine, Loma revisite le genre en version ouverte et compens\u00e9e. Cette paire en cuir coloris champagne m\u00eale artisanat, confort et style : un tressage fait main qui \u00e9pouse le pied, une semelle ext\u00e9rieure en double cr\u00eape pour un amorti souple, et une premi\u00e8re de propret\u00e9 en cuir pour garder une sensation agr\u00e9able toute la journ\u00e9e.<\/p>\n<p>Enti\u00e8rement r\u00e9alis\u00e9e \u00e0 la main, elle coche toutes les cases d\u2019une sandale d\u2019\u00e9t\u00e9 pour femme : \u00e9l\u00e9gante sans effort, facile \u00e0 porter en ville comme en vacances, et plus responsable gr\u00e2ce \u00e0 ses cuirs au tannage v\u00e9g\u00e9tal ou semi-v\u00e9g\u00e9tal et \u00e0 l\u2019engagement commerce \u00e9quitable de la marque. Le plus pratique ? Le cuir se d\u00e9tend et se forme \u00e0 votre pied au fil des pas pour un maintien sur mesure.<\/p>\n","protected":false},"excerpt":{"rendered":"<p>Inspir\u00e9e de la traditionnelle huarache mexicaine, Loma revisite le genre en version ouverte et compens\u00e9e. Cette paire en cuir coloris champagne m\u00eale artisanat, confort et style : un tressage fait main qui \u00e9pouse le pied, une semelle ext\u00e9rieure en double cr\u00eape pour un amorti souple, et une premi\u00e8re de propret\u00e9 en cuir pour garder une [&hellip;]<\/p>\n","protected":false},"featured_media":772152,"comment_status":"open","ping_status":"closed","template":"","meta":[],"product_brand":[],"product_cat":[1756,1763],"product_tag":[1810],"acf":[],"_links":{"self":[{"href":"https:\/\/streetmarkets.fr\/app\/wp-json\/wp\/v2\/product\/772151"}],"collection":[{"href":"https:\/\/streetmarkets.fr\/app\/wp-json\/wp\/v2\/product"}],"about":[{"href":"https:\/\/streetmarkets.fr\/app\/wp-json\/wp\/v2\/types\/product"}],"replies":[{"embeddable":true,"href":"https:\/\/streetmarkets.fr\/app\/wp-json\/wp\/v2\/comments?post=772151"}],"wp:featuredmedia":[{"embeddable":true,"href":"https:\/\/streetmarkets.fr\/app\/wp-json\/wp\/v2\/media\/772152"}],"wp:attachment":[{"href":"https:\/\/streetmarkets.fr\/app\/wp-json\/wp\/v2\/media?parent=772151"}],"wp:term":[{"taxonomy":"product_brand","embeddable":true,"href":"https:\/\/streetmarkets.fr\/app\/wp-json\/wp\/v2\/product_brand?post=772151"},{"taxonomy":"product_cat","embeddable":true,"href":"https:\/\/streetmarkets.fr\/app\/wp-json\/wp\/v2\/product_cat?post=772151"},{"taxonomy":"product_tag","embeddable":true,"href":"https:\/\/streetmarkets.fr\/app\/wp-json\/wp\/v2\/product_tag?post=772151"}],"curies":[{"name":"wp","href":"https:\/\/api.w.org\/{rel}","templated":true}]}}