{"id":772141,"date":"2024-10-22T14:15:58","date_gmt":"2024-10-22T12:15:58","guid":{"rendered":"https:\/\/streetmarkets.fr\/app\/produit\/chaussures-loma-tabac\/"},"modified":"2025-11-24T00:16:50","modified_gmt":"2025-11-23T23:16:50","slug":"chaussures-loma-tabac","status":"publish","type":"product","link":"https:\/\/streetmarkets.fr\/app\/produit\/chaussures-loma-tabac\/","title":{"rendered":"Chaussures Loma &#8211; Tabac"},"content":{"rendered":"<p>Inspir\u00e9e de la huarache mexicaine, cette paire revisite l\u2019iconique tressage dans une version ouverte et compens\u00e9e, \u00e9l\u00e9gante sans effort. Le cuir enveloppe le pied, se d\u00e9tend en douceur \u00e0 l\u2019usage et assure une tenue naturelle au fil des pas.<br \/>\nEnti\u00e8rement r\u00e9alis\u00e9e \u00e0 la main, du tressage \u00e0 la finition, elle mise sur des mati\u00e8res plus responsables : tige en cuir au tannage semi-v\u00e9g\u00e9tal, doublure et premi\u00e8re en cuir au tannage v\u00e9g\u00e9tal, et semelle ext\u00e9rieure en double cr\u00eape pour un amorti moelleux et une bonne accroche.<br \/>\nLa teinte tabac (un brun camel chaleureux) s\u2019associe avec tout : robes fluides, denim clair, lin naturel\u2026 Un indispensable de la saison pour celles qui veulent des sandales tress\u00e9es en cuir, confortables et issues du commerce \u00e9quitable.<\/p>\n","protected":false},"excerpt":{"rendered":"<p>Inspir\u00e9e de la huarache mexicaine, cette paire revisite l\u2019iconique tressage dans une version ouverte et compens\u00e9e, \u00e9l\u00e9gante sans effort. Le cuir enveloppe le pied, se d\u00e9tend en douceur \u00e0 l\u2019usage et assure une tenue naturelle au fil des pas. Enti\u00e8rement r\u00e9alis\u00e9e \u00e0 la main, du tressage \u00e0 la finition, elle mise sur des mati\u00e8res plus [&hellip;]<\/p>\n","protected":false},"featured_media":772142,"comment_status":"open","ping_status":"closed","template":"","meta":[],"product_brand":[],"product_cat":[1756,1763],"product_tag":[1810],"acf":[],"_links":{"self":[{"href":"https:\/\/streetmarkets.fr\/app\/wp-json\/wp\/v2\/product\/772141"}],"collection":[{"href":"https:\/\/streetmarkets.fr\/app\/wp-json\/wp\/v2\/product"}],"about":[{"href":"https:\/\/streetmarkets.fr\/app\/wp-json\/wp\/v2\/types\/product"}],"replies":[{"embeddable":true,"href":"https:\/\/streetmarkets.fr\/app\/wp-json\/wp\/v2\/comments?post=772141"}],"wp:featuredmedia":[{"embeddable":true,"href":"https:\/\/streetmarkets.fr\/app\/wp-json\/wp\/v2\/media\/772142"}],"wp:attachment":[{"href":"https:\/\/streetmarkets.fr\/app\/wp-json\/wp\/v2\/media?parent=772141"}],"wp:term":[{"taxonomy":"product_brand","embeddable":true,"href":"https:\/\/streetmarkets.fr\/app\/wp-json\/wp\/v2\/product_brand?post=772141"},{"taxonomy":"product_cat","embeddable":true,"href":"https:\/\/streetmarkets.fr\/app\/wp-json\/wp\/v2\/product_cat?post=772141"},{"taxonomy":"product_tag","embeddable":true,"href":"https:\/\/streetmarkets.fr\/app\/wp-json\/wp\/v2\/product_tag?post=772141"}],"curies":[{"name":"wp","href":"https:\/\/api.w.org\/{rel}","templated":true}]}}