{"id":771976,"date":"2024-10-22T14:15:19","date_gmt":"2024-10-22T12:15:19","guid":{"rendered":"https:\/\/streetmarkets.fr\/app\/produit\/headband-magalie\/"},"modified":"2025-11-24T00:16:49","modified_gmt":"2025-11-23T23:16:49","slug":"headband-magalie","status":"publish","type":"product","link":"https:\/\/streetmarkets.fr\/app\/produit\/headband-magalie\/","title":{"rendered":"Headband Magalie"},"content":{"rendered":"<p>Un headband simple et chic pour dompter les m\u00e8ches rebelles et sublimer une tenue sans effort. Confectionn\u00e9 \u00e0 la main \u00e0 Paris, il est r\u00e9alis\u00e9 en 100% viscose issue de d\u00e9stockage textile, une mati\u00e8re douce qui participe \u00e0 limiter les d\u00e9chets. L\u00e9ger et agr\u00e9able \u00e0 porter, il se glisse dans la routine de tous les jours comme pour une occasion sp\u00e9ciale. \u00c0 la maison pendant un soin ou le maquillage, ou pour relever une coiffure, c\u2019est le petit accessoire qui change tout. Un choix \u00e9thique et esth\u00e9tique, pens\u00e9 pour durer et accompagner votre style.<\/p>\n","protected":false},"excerpt":{"rendered":"<p>Un headband simple et chic pour dompter les m\u00e8ches rebelles et sublimer une tenue sans effort. Confectionn\u00e9 \u00e0 la main \u00e0 Paris, il est r\u00e9alis\u00e9 en 100% viscose issue de d\u00e9stockage textile, une mati\u00e8re douce qui participe \u00e0 limiter les d\u00e9chets. L\u00e9ger et agr\u00e9able \u00e0 porter, il se glisse dans la routine de tous les [&hellip;]<\/p>\n","protected":false},"featured_media":771977,"comment_status":"open","ping_status":"closed","template":"","meta":[],"product_brand":[],"product_cat":[1756,1764],"product_tag":[1810],"acf":[],"_links":{"self":[{"href":"https:\/\/streetmarkets.fr\/app\/wp-json\/wp\/v2\/product\/771976"}],"collection":[{"href":"https:\/\/streetmarkets.fr\/app\/wp-json\/wp\/v2\/product"}],"about":[{"href":"https:\/\/streetmarkets.fr\/app\/wp-json\/wp\/v2\/types\/product"}],"replies":[{"embeddable":true,"href":"https:\/\/streetmarkets.fr\/app\/wp-json\/wp\/v2\/comments?post=771976"}],"wp:featuredmedia":[{"embeddable":true,"href":"https:\/\/streetmarkets.fr\/app\/wp-json\/wp\/v2\/media\/771977"}],"wp:attachment":[{"href":"https:\/\/streetmarkets.fr\/app\/wp-json\/wp\/v2\/media?parent=771976"}],"wp:term":[{"taxonomy":"product_brand","embeddable":true,"href":"https:\/\/streetmarkets.fr\/app\/wp-json\/wp\/v2\/product_brand?post=771976"},{"taxonomy":"product_cat","embeddable":true,"href":"https:\/\/streetmarkets.fr\/app\/wp-json\/wp\/v2\/product_cat?post=771976"},{"taxonomy":"product_tag","embeddable":true,"href":"https:\/\/streetmarkets.fr\/app\/wp-json\/wp\/v2\/product_tag?post=771976"}],"curies":[{"name":"wp","href":"https:\/\/api.w.org\/{rel}","templated":true}]}}