{"id":771933,"date":"2024-10-22T14:15:17","date_gmt":"2024-10-22T12:15:17","guid":{"rendered":"https:\/\/streetmarkets.fr\/app\/produit\/sac-banane-harry\/"},"modified":"2025-11-24T00:16:49","modified_gmt":"2025-11-23T23:16:49","slug":"sac-banane-harry","status":"publish","type":"product","link":"https:\/\/streetmarkets.fr\/app\/produit\/sac-banane-harry\/","title":{"rendered":"Sac banane Harry"},"content":{"rendered":"<p>Pens\u00e9 pour les journ\u00e9es bien remplies, ce sac banane r\u00e9unit l\u2019essentiel: un format pratique, un coton bio \u00e9pais et une fabrication \u00e9thique. Son canvas certifi\u00e9 GOTS (500 g\/m\u00b2) tient bien la forme et r\u00e9siste au quotidien, tandis que la fermeture \u00e9clair solide s\u00e9curise vos affaires. La sangle ajustable permet de le porter \u00e0 la taille, \u00e0 l\u2019\u00e9paule ou en crossbody selon l\u2019humeur.<br \/>\nDessin\u00e9 en France et fabriqu\u00e9 par l\u2019ONG indienne SSMI, il soutient l\u2019\u00e9mancipation des femmes et l\u2019\u00e9ducation des enfants. On y glisse facilement t\u00e9l\u00e9phone, portefeuille et cl\u00e9s pour rester mains libres au march\u00e9, \u00e0 v\u00e9lo, en concert ou en voyage.<br \/>\nAvec ses lignes simples et son toucher robuste, c\u2019est l\u2019accessoire facile \u00e0 vivre qui coche les cases: utile, durable et vraiment agr\u00e9able \u00e0 porter.<\/p>\n","protected":false},"excerpt":{"rendered":"<p>Pens\u00e9 pour les journ\u00e9es bien remplies, ce sac banane r\u00e9unit l\u2019essentiel: un format pratique, un coton bio \u00e9pais et une fabrication \u00e9thique. Son canvas certifi\u00e9 GOTS (500 g\/m\u00b2) tient bien la forme et r\u00e9siste au quotidien, tandis que la fermeture \u00e9clair solide s\u00e9curise vos affaires. La sangle ajustable permet de le porter \u00e0 la taille, [&hellip;]<\/p>\n","protected":false},"featured_media":771934,"comment_status":"open","ping_status":"closed","template":"","meta":[],"product_brand":[7126],"product_cat":[1756,1764],"product_tag":[1810],"acf":[],"_links":{"self":[{"href":"https:\/\/streetmarkets.fr\/app\/wp-json\/wp\/v2\/product\/771933"}],"collection":[{"href":"https:\/\/streetmarkets.fr\/app\/wp-json\/wp\/v2\/product"}],"about":[{"href":"https:\/\/streetmarkets.fr\/app\/wp-json\/wp\/v2\/types\/product"}],"replies":[{"embeddable":true,"href":"https:\/\/streetmarkets.fr\/app\/wp-json\/wp\/v2\/comments?post=771933"}],"wp:featuredmedia":[{"embeddable":true,"href":"https:\/\/streetmarkets.fr\/app\/wp-json\/wp\/v2\/media\/771934"}],"wp:attachment":[{"href":"https:\/\/streetmarkets.fr\/app\/wp-json\/wp\/v2\/media?parent=771933"}],"wp:term":[{"taxonomy":"product_brand","embeddable":true,"href":"https:\/\/streetmarkets.fr\/app\/wp-json\/wp\/v2\/product_brand?post=771933"},{"taxonomy":"product_cat","embeddable":true,"href":"https:\/\/streetmarkets.fr\/app\/wp-json\/wp\/v2\/product_cat?post=771933"},{"taxonomy":"product_tag","embeddable":true,"href":"https:\/\/streetmarkets.fr\/app\/wp-json\/wp\/v2\/product_tag?post=771933"}],"curies":[{"name":"wp","href":"https:\/\/api.w.org\/{rel}","templated":true}]}}