{"id":771801,"date":"2024-10-22T14:15:05","date_gmt":"2024-10-22T12:15:05","guid":{"rendered":"https:\/\/streetmarkets.fr\/app\/produit\/pantalon-de-pyjama-en-gaze-de-coton-bio-daphne-bleu\/"},"modified":"2025-11-24T00:16:46","modified_gmt":"2025-11-23T23:16:46","slug":"pantalon-de-pyjama-en-gaze-de-coton-bio-daphne-bleu","status":"publish","type":"product","link":"https:\/\/streetmarkets.fr\/app\/produit\/pantalon-de-pyjama-en-gaze-de-coton-bio-daphne-bleu\/","title":{"rendered":"Pantalon de pyjama en gaze de coton bio DAPHN\u00c9 BLEU"},"content":{"rendered":"<p>Ce pantalon de pyjama en gaze de coton bio DAPHN\u00c9 BLEU sign\u00e9 Hestia coche toutes les cases d\u2019un bon bas de nuit et de loungewear. La gaze de coton, naturellement douce et respirante, apporte une sensation l\u00e9g\u00e8re sur la peau et un confort qui suit vos mouvements, du coucher au petit-d\u00e9j.<\/p>\n<p>Polyvalent, il se porte en ensemble avec la chemise Daphn\u00e9 bleu, en d\u00e9pareill\u00e9 avec la chemise Bleuet, ou en ville avec un tee-shirt ou une maille. Sa texture \u00e0 l\u2019effet froiss\u00e9 lui donne un tomb\u00e9 d\u00e9contract\u00e9 et <strong>ne demande pas de repassage<\/strong> \u2014 le bonheur au quotidien.<\/p>\n<p>100% coton bio et fabrication \u00e9thique au Portugal : un bas de pyjama durable, simple et beau, \u00e0 vivre autant qu\u2019\u00e0 offrir.<\/p>\n","protected":false},"excerpt":{"rendered":"<p>Ce pantalon de pyjama en gaze de coton bio DAPHN\u00c9 BLEU sign\u00e9 Hestia coche toutes les cases d\u2019un bon bas de nuit et de loungewear. La gaze de coton, naturellement douce et respirante, apporte une sensation l\u00e9g\u00e8re sur la peau et un confort qui suit vos mouvements, du coucher au petit-d\u00e9j. Polyvalent, il se porte [&hellip;]<\/p>\n","protected":false},"featured_media":771802,"comment_status":"open","ping_status":"closed","template":"","meta":[],"product_brand":[],"product_cat":[1756,1762],"product_tag":[1810],"acf":[],"_links":{"self":[{"href":"https:\/\/streetmarkets.fr\/app\/wp-json\/wp\/v2\/product\/771801"}],"collection":[{"href":"https:\/\/streetmarkets.fr\/app\/wp-json\/wp\/v2\/product"}],"about":[{"href":"https:\/\/streetmarkets.fr\/app\/wp-json\/wp\/v2\/types\/product"}],"replies":[{"embeddable":true,"href":"https:\/\/streetmarkets.fr\/app\/wp-json\/wp\/v2\/comments?post=771801"}],"wp:featuredmedia":[{"embeddable":true,"href":"https:\/\/streetmarkets.fr\/app\/wp-json\/wp\/v2\/media\/771802"}],"wp:attachment":[{"href":"https:\/\/streetmarkets.fr\/app\/wp-json\/wp\/v2\/media?parent=771801"}],"wp:term":[{"taxonomy":"product_brand","embeddable":true,"href":"https:\/\/streetmarkets.fr\/app\/wp-json\/wp\/v2\/product_brand?post=771801"},{"taxonomy":"product_cat","embeddable":true,"href":"https:\/\/streetmarkets.fr\/app\/wp-json\/wp\/v2\/product_cat?post=771801"},{"taxonomy":"product_tag","embeddable":true,"href":"https:\/\/streetmarkets.fr\/app\/wp-json\/wp\/v2\/product_tag?post=771801"}],"curies":[{"name":"wp","href":"https:\/\/api.w.org\/{rel}","templated":true}]}}