{"id":771773,"date":"2024-10-22T14:15:00","date_gmt":"2024-10-22T12:15:00","guid":{"rendered":"https:\/\/streetmarkets.fr\/app\/produit\/chemise-de-pyjama-en-gaze-de-coton-bio-bleuet\/"},"modified":"2025-11-24T00:16:20","modified_gmt":"2025-11-23T23:16:20","slug":"chemise-de-pyjama-en-gaze-de-coton-bio-bleuet","status":"publish","type":"product","link":"https:\/\/streetmarkets.fr\/app\/produit\/chemise-de-pyjama-en-gaze-de-coton-bio-bleuet\/","title":{"rendered":"Chemise de pyjama en gaze de coton bio BLEUET"},"content":{"rendered":"<p>Confort absolu et style sans effort. Cette chemise en double gaze de coton bio offre une douceur a\u00e9rienne et une respirabilit\u00e9 id\u00e9ale, y compris pour les peaux sensibles. Sa mati\u00e8re naturellement gaufr\u00e9e \u00e9vite le repassage : on la lave, on la porte, et c\u2019est tout.<br \/>\nPens\u00e9e pour suivre vos envies, elle se porte en haut de pyjama avec le pantalon assorti Bleuet, en mix &amp; match avec le pantalon Daphn\u00e9 (bleu ou terracotta), ou carr\u00e9ment en chemise casual, rentr\u00e9e dans un jean. Un vrai essentiel de loungewear en coton bio qui passe de la chambre \u00e0 la ville en un clin d\u2019\u0153il.<br \/>\nConfectionn\u00e9e au Portugal dans des conditions \u00e9thiques et finie par des boutons recycl\u00e9s et recyclables, elle coche toutes les cases d\u2019un cadeau \u00e9thique pour femme : beau, utile et durable.<\/p>\n","protected":false},"excerpt":{"rendered":"<p>Confort absolu et style sans effort. Cette chemise en double gaze de coton bio offre une douceur a\u00e9rienne et une respirabilit\u00e9 id\u00e9ale, y compris pour les peaux sensibles. Sa mati\u00e8re naturellement gaufr\u00e9e \u00e9vite le repassage : on la lave, on la porte, et c\u2019est tout. Pens\u00e9e pour suivre vos envies, elle se porte en haut [&hellip;]<\/p>\n","protected":false},"featured_media":771774,"comment_status":"open","ping_status":"closed","template":"","meta":[],"product_brand":[],"product_cat":[1756,1762],"product_tag":[1810],"acf":[],"_links":{"self":[{"href":"https:\/\/streetmarkets.fr\/app\/wp-json\/wp\/v2\/product\/771773"}],"collection":[{"href":"https:\/\/streetmarkets.fr\/app\/wp-json\/wp\/v2\/product"}],"about":[{"href":"https:\/\/streetmarkets.fr\/app\/wp-json\/wp\/v2\/types\/product"}],"replies":[{"embeddable":true,"href":"https:\/\/streetmarkets.fr\/app\/wp-json\/wp\/v2\/comments?post=771773"}],"wp:featuredmedia":[{"embeddable":true,"href":"https:\/\/streetmarkets.fr\/app\/wp-json\/wp\/v2\/media\/771774"}],"wp:attachment":[{"href":"https:\/\/streetmarkets.fr\/app\/wp-json\/wp\/v2\/media?parent=771773"}],"wp:term":[{"taxonomy":"product_brand","embeddable":true,"href":"https:\/\/streetmarkets.fr\/app\/wp-json\/wp\/v2\/product_brand?post=771773"},{"taxonomy":"product_cat","embeddable":true,"href":"https:\/\/streetmarkets.fr\/app\/wp-json\/wp\/v2\/product_cat?post=771773"},{"taxonomy":"product_tag","embeddable":true,"href":"https:\/\/streetmarkets.fr\/app\/wp-json\/wp\/v2\/product_tag?post=771773"}],"curies":[{"name":"wp","href":"https:\/\/api.w.org\/{rel}","templated":true}]}}