{"id":771761,"date":"2024-10-22T14:14:59","date_gmt":"2024-10-22T12:14:59","guid":{"rendered":"https:\/\/streetmarkets.fr\/app\/produit\/pantalon-de-pyjama-en-gaze-de-coton-bio-bleuet\/"},"modified":"2025-11-24T00:16:20","modified_gmt":"2025-11-23T23:16:20","slug":"pantalon-de-pyjama-en-gaze-de-coton-bio-bleuet","status":"publish","type":"product","link":"https:\/\/streetmarkets.fr\/app\/produit\/pantalon-de-pyjama-en-gaze-de-coton-bio-bleuet\/","title":{"rendered":"Pantalon de pyjama en gaze de coton bio BLEUET"},"content":{"rendered":"<p>Un pantalon de nuit et d\u00e9tente en 100% coton bio, pens\u00e9 pour les femmes qui veulent du confort sans renoncer au style. La gaze de coton est l\u00e9g\u00e8re, a\u00e9r\u00e9e et tr\u00e8s douce sur la peau, id\u00e9ale pour mieux dormir et se sentir bien chez soi.<br \/>\nIl se porte en ensemble de pyjama avec la chemise Bleuet, en mix &amp; match avec les chemises Daphn\u00e9 bleu ou terracotta, ou carr\u00e9ment en version ville avec un haut simple de votre garde-robe. Fabriqu\u00e9 de fa\u00e7on \u00e9thique au Portugal, il mise sur des finitions faciles \u00e0 vivre et un entretien sans prise de t\u00eate.<br \/>\nUn cadeau \u00e9thique pour femme qui fait plaisir longtemps, \u00e0 s\u2019offrir ou \u00e0 offrir \u00e0 toutes celles qui aiment les mati\u00e8res naturelles et les tenues homewear \u00e9l\u00e9gantes.<\/p>\n","protected":false},"excerpt":{"rendered":"<p>Un pantalon de nuit et d\u00e9tente en 100% coton bio, pens\u00e9 pour les femmes qui veulent du confort sans renoncer au style. La gaze de coton est l\u00e9g\u00e8re, a\u00e9r\u00e9e et tr\u00e8s douce sur la peau, id\u00e9ale pour mieux dormir et se sentir bien chez soi. Il se porte en ensemble de pyjama avec la chemise [&hellip;]<\/p>\n","protected":false},"featured_media":771762,"comment_status":"open","ping_status":"closed","template":"","meta":[],"product_brand":[],"product_cat":[1756,1762],"product_tag":[1810],"acf":[],"_links":{"self":[{"href":"https:\/\/streetmarkets.fr\/app\/wp-json\/wp\/v2\/product\/771761"}],"collection":[{"href":"https:\/\/streetmarkets.fr\/app\/wp-json\/wp\/v2\/product"}],"about":[{"href":"https:\/\/streetmarkets.fr\/app\/wp-json\/wp\/v2\/types\/product"}],"replies":[{"embeddable":true,"href":"https:\/\/streetmarkets.fr\/app\/wp-json\/wp\/v2\/comments?post=771761"}],"wp:featuredmedia":[{"embeddable":true,"href":"https:\/\/streetmarkets.fr\/app\/wp-json\/wp\/v2\/media\/771762"}],"wp:attachment":[{"href":"https:\/\/streetmarkets.fr\/app\/wp-json\/wp\/v2\/media?parent=771761"}],"wp:term":[{"taxonomy":"product_brand","embeddable":true,"href":"https:\/\/streetmarkets.fr\/app\/wp-json\/wp\/v2\/product_brand?post=771761"},{"taxonomy":"product_cat","embeddable":true,"href":"https:\/\/streetmarkets.fr\/app\/wp-json\/wp\/v2\/product_cat?post=771761"},{"taxonomy":"product_tag","embeddable":true,"href":"https:\/\/streetmarkets.fr\/app\/wp-json\/wp\/v2\/product_tag?post=771761"}],"curies":[{"name":"wp","href":"https:\/\/api.w.org\/{rel}","templated":true}]}}