{"id":771613,"date":"2024-10-22T14:14:21","date_gmt":"2024-10-22T12:14:21","guid":{"rendered":"https:\/\/streetmarkets.fr\/app\/produit\/montre-homme-come-bleu-de-minuit\/"},"modified":"2025-11-24T00:16:20","modified_gmt":"2025-11-23T23:16:20","slug":"montre-homme-come-bleu-de-minuit","status":"publish","type":"product","link":"https:\/\/streetmarkets.fr\/app\/produit\/montre-homme-come-bleu-de-minuit\/","title":{"rendered":"Montre homme COME &#8211; bleu de minuit"},"content":{"rendered":"<p>Cette montre en bois pour homme r\u00e9unit l\u2019essentiel: un bo\u00eetier en olivier et noyer aux veines uniques, un bracelet en cuir v\u00e9ritable bleu de minuit et un mouvement Ronda Swiss P. pour une lecture pr\u00e9cise de l\u2019heure et de la date. Le format \u00d8 40 mm offre un \u00e9quilibre parfait au poignet, aussi \u00e0 l\u2019aise au bureau que le week-end. Con\u00e7ue et assembl\u00e9e \u00e0 Lyon, elle mise sur une fabrication fran\u00e7aise soign\u00e9e, une finition chaleureuse et la modularit\u00e9 d\u2019un bracelet interchangeable pour adapter le style en un clin d\u2019\u0153il. Un accessoire homme \u00e9l\u00e9gant, durable dans le temps et facile \u00e0 offrir.<\/p>\n","protected":false},"excerpt":{"rendered":"<p>Cette montre en bois pour homme r\u00e9unit l\u2019essentiel: un bo\u00eetier en olivier et noyer aux veines uniques, un bracelet en cuir v\u00e9ritable bleu de minuit et un mouvement Ronda Swiss P. pour une lecture pr\u00e9cise de l\u2019heure et de la date. Le format \u00d8 40 mm offre un \u00e9quilibre parfait au poignet, aussi \u00e0 l\u2019aise [&hellip;]<\/p>\n","protected":false},"featured_media":771614,"comment_status":"open","ping_status":"closed","template":"","meta":[],"product_brand":[],"product_cat":[1756,1760],"product_tag":[1810],"acf":[],"_links":{"self":[{"href":"https:\/\/streetmarkets.fr\/app\/wp-json\/wp\/v2\/product\/771613"}],"collection":[{"href":"https:\/\/streetmarkets.fr\/app\/wp-json\/wp\/v2\/product"}],"about":[{"href":"https:\/\/streetmarkets.fr\/app\/wp-json\/wp\/v2\/types\/product"}],"replies":[{"embeddable":true,"href":"https:\/\/streetmarkets.fr\/app\/wp-json\/wp\/v2\/comments?post=771613"}],"wp:featuredmedia":[{"embeddable":true,"href":"https:\/\/streetmarkets.fr\/app\/wp-json\/wp\/v2\/media\/771614"}],"wp:attachment":[{"href":"https:\/\/streetmarkets.fr\/app\/wp-json\/wp\/v2\/media?parent=771613"}],"wp:term":[{"taxonomy":"product_brand","embeddable":true,"href":"https:\/\/streetmarkets.fr\/app\/wp-json\/wp\/v2\/product_brand?post=771613"},{"taxonomy":"product_cat","embeddable":true,"href":"https:\/\/streetmarkets.fr\/app\/wp-json\/wp\/v2\/product_cat?post=771613"},{"taxonomy":"product_tag","embeddable":true,"href":"https:\/\/streetmarkets.fr\/app\/wp-json\/wp\/v2\/product_tag?post=771613"}],"curies":[{"name":"wp","href":"https:\/\/api.w.org\/{rel}","templated":true}]}}