{"id":771599,"date":"2024-10-22T14:14:20","date_gmt":"2024-10-22T12:14:20","guid":{"rendered":"https:\/\/streetmarkets.fr\/app\/produit\/montre-sitra-bleu-saphir\/"},"modified":"2025-11-24T00:16:20","modified_gmt":"2025-11-23T23:16:20","slug":"montre-sitra-bleu-saphir","status":"publish","type":"product","link":"https:\/\/streetmarkets.fr\/app\/produit\/montre-sitra-bleu-saphir\/","title":{"rendered":"Montre SITRA &#8211; bleu saphir"},"content":{"rendered":"<p>Un bo\u00eetier en bois d\u2019olivier et de noyer au grain unique, un bracelet en cuir bleu saphir qui capte la lumi\u00e8re, et un mouvement suisse Ronda pour la pr\u00e9cision au quotidien : cette montre en bois r\u00e9unit style, fiabilit\u00e9 et confort.<\/p>\n<p>Con\u00e7ue et assembl\u00e9e \u00e0 Lyon, elle joue la carte du design naturel avec une touche de couleur profonde, facile \u00e0 assortir. Le bracelet est interchangeable pour varier les looks, du casual au plus habill\u00e9, sans changer de montre. L\u00e9g\u00e8re au poignet, pens\u00e9e pour durer, elle est couverte par une garantie de 2 ans. Une belle id\u00e9e de cadeau pour homme, responsable et intemporelle.<\/p>\n","protected":false},"excerpt":{"rendered":"<p>Un bo\u00eetier en bois d\u2019olivier et de noyer au grain unique, un bracelet en cuir bleu saphir qui capte la lumi\u00e8re, et un mouvement suisse Ronda pour la pr\u00e9cision au quotidien : cette montre en bois r\u00e9unit style, fiabilit\u00e9 et confort. Con\u00e7ue et assembl\u00e9e \u00e0 Lyon, elle joue la carte du design naturel avec une [&hellip;]<\/p>\n","protected":false},"featured_media":771600,"comment_status":"open","ping_status":"closed","template":"","meta":[],"product_brand":[],"product_cat":[1756,1760],"product_tag":[1810],"acf":[],"_links":{"self":[{"href":"https:\/\/streetmarkets.fr\/app\/wp-json\/wp\/v2\/product\/771599"}],"collection":[{"href":"https:\/\/streetmarkets.fr\/app\/wp-json\/wp\/v2\/product"}],"about":[{"href":"https:\/\/streetmarkets.fr\/app\/wp-json\/wp\/v2\/types\/product"}],"replies":[{"embeddable":true,"href":"https:\/\/streetmarkets.fr\/app\/wp-json\/wp\/v2\/comments?post=771599"}],"wp:featuredmedia":[{"embeddable":true,"href":"https:\/\/streetmarkets.fr\/app\/wp-json\/wp\/v2\/media\/771600"}],"wp:attachment":[{"href":"https:\/\/streetmarkets.fr\/app\/wp-json\/wp\/v2\/media?parent=771599"}],"wp:term":[{"taxonomy":"product_brand","embeddable":true,"href":"https:\/\/streetmarkets.fr\/app\/wp-json\/wp\/v2\/product_brand?post=771599"},{"taxonomy":"product_cat","embeddable":true,"href":"https:\/\/streetmarkets.fr\/app\/wp-json\/wp\/v2\/product_cat?post=771599"},{"taxonomy":"product_tag","embeddable":true,"href":"https:\/\/streetmarkets.fr\/app\/wp-json\/wp\/v2\/product_tag?post=771599"}],"curies":[{"name":"wp","href":"https:\/\/api.w.org\/{rel}","templated":true}]}}