{"id":771580,"date":"2024-10-22T14:14:19","date_gmt":"2024-10-22T12:14:19","guid":{"rendered":"https:\/\/streetmarkets.fr\/app\/produit\/montre-sitra-liege\/"},"modified":"2025-11-24T00:16:20","modified_gmt":"2025-11-23T23:16:20","slug":"montre-sitra-liege","status":"publish","type":"product","link":"https:\/\/streetmarkets.fr\/app\/produit\/montre-sitra-liege\/","title":{"rendered":"Montre SITRA &#8211; li\u00e8ge"},"content":{"rendered":"<p>Imagin\u00e9e par DWYT, marque fran\u00e7aise bas\u00e9e \u00e0 Lyon, cette montre en bois de 38 mm m\u00eale allure naturelle et pr\u00e9cision au quotidien. Le bo\u00eetier r\u00e9v\u00e8le un grain de bois unique, tandis que le bracelet en cuir vegan couleur li\u00e8ge apporte une touche claire et textur\u00e9e qui va avec tout.<br \/>\nSous son style \u00e9pur\u00e9, on retrouve un mouvement Ronda (Swiss Parts) reconnu pour sa fiabilit\u00e9, et une garantie de 2 ans pour partir l\u2019esprit tranquille. Le bracelet interchangeable permet de changer d\u2019allure en quelques secondes selon l\u2019humeur, le dress code ou la saison.<br \/>\nFabriqu\u00e9e en France, cette montre en bois pour homme coche toutes les cases du cadeau \u00e9thique: belle, durable et facile \u00e0 porter, du bureau au week-end.<\/p>\n","protected":false},"excerpt":{"rendered":"<p>Imagin\u00e9e par DWYT, marque fran\u00e7aise bas\u00e9e \u00e0 Lyon, cette montre en bois de 38 mm m\u00eale allure naturelle et pr\u00e9cision au quotidien. Le bo\u00eetier r\u00e9v\u00e8le un grain de bois unique, tandis que le bracelet en cuir vegan couleur li\u00e8ge apporte une touche claire et textur\u00e9e qui va avec tout. Sous son style \u00e9pur\u00e9, on retrouve [&hellip;]<\/p>\n","protected":false},"featured_media":771581,"comment_status":"open","ping_status":"closed","template":"","meta":[],"product_brand":[],"product_cat":[1756,1760],"product_tag":[1810],"acf":[],"_links":{"self":[{"href":"https:\/\/streetmarkets.fr\/app\/wp-json\/wp\/v2\/product\/771580"}],"collection":[{"href":"https:\/\/streetmarkets.fr\/app\/wp-json\/wp\/v2\/product"}],"about":[{"href":"https:\/\/streetmarkets.fr\/app\/wp-json\/wp\/v2\/types\/product"}],"replies":[{"embeddable":true,"href":"https:\/\/streetmarkets.fr\/app\/wp-json\/wp\/v2\/comments?post=771580"}],"wp:featuredmedia":[{"embeddable":true,"href":"https:\/\/streetmarkets.fr\/app\/wp-json\/wp\/v2\/media\/771581"}],"wp:attachment":[{"href":"https:\/\/streetmarkets.fr\/app\/wp-json\/wp\/v2\/media?parent=771580"}],"wp:term":[{"taxonomy":"product_brand","embeddable":true,"href":"https:\/\/streetmarkets.fr\/app\/wp-json\/wp\/v2\/product_brand?post=771580"},{"taxonomy":"product_cat","embeddable":true,"href":"https:\/\/streetmarkets.fr\/app\/wp-json\/wp\/v2\/product_cat?post=771580"},{"taxonomy":"product_tag","embeddable":true,"href":"https:\/\/streetmarkets.fr\/app\/wp-json\/wp\/v2\/product_tag?post=771580"}],"curies":[{"name":"wp","href":"https:\/\/api.w.org\/{rel}","templated":true}]}}