{"id":771460,"date":"2024-10-22T14:14:13","date_gmt":"2024-10-22T12:14:13","guid":{"rendered":"https:\/\/streetmarkets.fr\/app\/produit\/porte-monnaie-lili\/"},"modified":"2025-11-24T00:16:19","modified_gmt":"2025-11-23T23:16:19","slug":"porte-monnaie-lili","status":"publish","type":"product","link":"https:\/\/streetmarkets.fr\/app\/produit\/porte-monnaie-lili\/","title":{"rendered":"Porte monnaie lili"},"content":{"rendered":"<p>Lili, c\u2019est l\u2019alli\u00e9 discret qui garde l\u2019essentiel \u00e0 port\u00e9e de main. Son coton bio \u00e9pais (500 g\/m\u00b2) lui donne une tenue impeccable et une vraie durabilit\u00e9, tandis que la fermeture \u00e9clair solide s\u00e9curise pi\u00e8ces, billets pli\u00e9s, cartes et m\u00eame un petit bijou. Dessin\u00e9 en France et confectionn\u00e9 par l\u2019ONG indienne SSMI, il soutient l\u2019\u00e9mancipation des femmes et l\u2019\u00e9ducation des enfants, pour un accessoire de maroquinerie beau et engag\u00e9. Son format malin (13 x 9 cm) se glisse facilement dans un sac \u00e0 main, une poche ou une trousse.<\/p>\n","protected":false},"excerpt":{"rendered":"<p>Lili, c\u2019est l\u2019alli\u00e9 discret qui garde l\u2019essentiel \u00e0 port\u00e9e de main. Son coton bio \u00e9pais (500 g\/m\u00b2) lui donne une tenue impeccable et une vraie durabilit\u00e9, tandis que la fermeture \u00e9clair solide s\u00e9curise pi\u00e8ces, billets pli\u00e9s, cartes et m\u00eame un petit bijou. Dessin\u00e9 en France et confectionn\u00e9 par l\u2019ONG indienne SSMI, il soutient l\u2019\u00e9mancipation des [&hellip;]<\/p>\n","protected":false},"featured_media":771461,"comment_status":"open","ping_status":"closed","template":"","meta":[],"product_brand":[7126],"product_cat":[1756,1764],"product_tag":[1810],"acf":[],"_links":{"self":[{"href":"https:\/\/streetmarkets.fr\/app\/wp-json\/wp\/v2\/product\/771460"}],"collection":[{"href":"https:\/\/streetmarkets.fr\/app\/wp-json\/wp\/v2\/product"}],"about":[{"href":"https:\/\/streetmarkets.fr\/app\/wp-json\/wp\/v2\/types\/product"}],"replies":[{"embeddable":true,"href":"https:\/\/streetmarkets.fr\/app\/wp-json\/wp\/v2\/comments?post=771460"}],"wp:featuredmedia":[{"embeddable":true,"href":"https:\/\/streetmarkets.fr\/app\/wp-json\/wp\/v2\/media\/771461"}],"wp:attachment":[{"href":"https:\/\/streetmarkets.fr\/app\/wp-json\/wp\/v2\/media?parent=771460"}],"wp:term":[{"taxonomy":"product_brand","embeddable":true,"href":"https:\/\/streetmarkets.fr\/app\/wp-json\/wp\/v2\/product_brand?post=771460"},{"taxonomy":"product_cat","embeddable":true,"href":"https:\/\/streetmarkets.fr\/app\/wp-json\/wp\/v2\/product_cat?post=771460"},{"taxonomy":"product_tag","embeddable":true,"href":"https:\/\/streetmarkets.fr\/app\/wp-json\/wp\/v2\/product_tag?post=771460"}],"curies":[{"name":"wp","href":"https:\/\/api.w.org\/{rel}","templated":true}]}}