{"id":771298,"date":"2024-10-22T14:13:30","date_gmt":"2024-10-22T12:13:30","guid":{"rendered":"https:\/\/streetmarkets.fr\/app\/produit\/ciele-casquette-fltcap-wnd-ultra-iconic-shadowcast\/"},"modified":"2026-05-11T00:48:55","modified_gmt":"2026-05-10T22:48:55","slug":"ciele-casquette-fltcap-wnd-ultra-iconic-shadowcast","status":"publish","type":"product","link":"https:\/\/streetmarkets.fr\/app\/produit\/ciele-casquette-fltcap-wnd-ultra-iconic-shadowcast\/","title":{"rendered":"Ciele Casquette FLTCap WND Ultra Iconic Shadowcast"},"content":{"rendered":"<p>La Ciele Casquette FLTCap WND Ultra Iconic Shadowcast est une casquette qui vous prot\u00e8gera des \u00e9l\u00e9ments. Vos oreilles seront bien au chaud.<\/p>\n<p>Mati\u00e8re Stormfleece r\u00e9sistant au vent et \u00e0 la pluie, pr\u00eat pour la performance.<\/p>\n<p>2 tailles S\/M 56,5 cm. L\/XL 60 cm. Ajustable.<\/p>\n","protected":false},"excerpt":{"rendered":"<p>La Ciele Casquette FLTCap WND Ultra Iconic Shadowcast est une casquette qui vous prot\u00e8gera des \u00e9l\u00e9ments. Vos oreilles seront bien au chaud. Mati\u00e8re Stormfleece r\u00e9sistant au vent et \u00e0 la pluie, pr\u00eat pour la performance. 2 tailles S\/M 56,5 cm. L\/XL 60 cm. Ajustable.<\/p>\n","protected":false},"featured_media":771300,"comment_status":"open","ping_status":"closed","template":"","meta":[],"product_brand":[],"product_cat":[1756,1760],"product_tag":[2244],"acf":[],"_links":{"self":[{"href":"https:\/\/streetmarkets.fr\/app\/wp-json\/wp\/v2\/product\/771298"}],"collection":[{"href":"https:\/\/streetmarkets.fr\/app\/wp-json\/wp\/v2\/product"}],"about":[{"href":"https:\/\/streetmarkets.fr\/app\/wp-json\/wp\/v2\/types\/product"}],"replies":[{"embeddable":true,"href":"https:\/\/streetmarkets.fr\/app\/wp-json\/wp\/v2\/comments?post=771298"}],"wp:featuredmedia":[{"embeddable":true,"href":"https:\/\/streetmarkets.fr\/app\/wp-json\/wp\/v2\/media\/771300"}],"wp:attachment":[{"href":"https:\/\/streetmarkets.fr\/app\/wp-json\/wp\/v2\/media?parent=771298"}],"wp:term":[{"taxonomy":"product_brand","embeddable":true,"href":"https:\/\/streetmarkets.fr\/app\/wp-json\/wp\/v2\/product_brand?post=771298"},{"taxonomy":"product_cat","embeddable":true,"href":"https:\/\/streetmarkets.fr\/app\/wp-json\/wp\/v2\/product_cat?post=771298"},{"taxonomy":"product_tag","embeddable":true,"href":"https:\/\/streetmarkets.fr\/app\/wp-json\/wp\/v2\/product_tag?post=771298"}],"curies":[{"name":"wp","href":"https:\/\/api.w.org\/{rel}","templated":true}]}}