{"id":771206,"date":"2024-10-22T14:13:25","date_gmt":"2024-10-22T12:13:25","guid":{"rendered":"https:\/\/streetmarkets.fr\/app\/produit\/tanga-dawa-blanc\/"},"modified":"2025-11-24T00:16:18","modified_gmt":"2025-11-23T23:16:18","slug":"tanga-dawa-blanc","status":"publish","type":"product","link":"https:\/\/streetmarkets.fr\/app\/produit\/tanga-dawa-blanc\/","title":{"rendered":"Tanga Dawa &#8211; Blanc"},"content":{"rendered":"<p>Aussi confortable que s\u00e9duisant, ce tanga en dentelle g\u00e9om\u00e9trique recycl\u00e9e est de ceux qu\u2019on enfile sans r\u00e9fl\u00e9chir et qu\u2019on adore garder toute la journ\u00e9e. Sa mati\u00e8re l\u00e9g\u00e8re \u00e9pouse les formes sans serrer, tandis que le coton biologique apporte une sensation douce et respirante au contact de la peau. R\u00e9sultat: une coupe fine, discr\u00e8te sous les v\u00eatements, et un style \u00e9pur\u00e9 qui fait son effet.<br \/>\nDesign\u00e9 \u00e0 Paris et fabriqu\u00e9 en Hongrie, il coche les bonnes cases: belles finitions, mati\u00e8res plus responsables et look intemporel. Pour un quotidien plus doux, et des occasions o\u00f9 l\u2019on veut se sentir bien, simplement.<\/p>\n","protected":false},"excerpt":{"rendered":"<p>Aussi confortable que s\u00e9duisant, ce tanga en dentelle g\u00e9om\u00e9trique recycl\u00e9e est de ceux qu\u2019on enfile sans r\u00e9fl\u00e9chir et qu\u2019on adore garder toute la journ\u00e9e. Sa mati\u00e8re l\u00e9g\u00e8re \u00e9pouse les formes sans serrer, tandis que le coton biologique apporte une sensation douce et respirante au contact de la peau. R\u00e9sultat: une coupe fine, discr\u00e8te sous les [&hellip;]<\/p>\n","protected":false},"featured_media":771208,"comment_status":"open","ping_status":"closed","template":"","meta":[],"product_brand":[],"product_cat":[1756,1762],"product_tag":[1810],"acf":[],"_links":{"self":[{"href":"https:\/\/streetmarkets.fr\/app\/wp-json\/wp\/v2\/product\/771206"}],"collection":[{"href":"https:\/\/streetmarkets.fr\/app\/wp-json\/wp\/v2\/product"}],"about":[{"href":"https:\/\/streetmarkets.fr\/app\/wp-json\/wp\/v2\/types\/product"}],"replies":[{"embeddable":true,"href":"https:\/\/streetmarkets.fr\/app\/wp-json\/wp\/v2\/comments?post=771206"}],"wp:featuredmedia":[{"embeddable":true,"href":"https:\/\/streetmarkets.fr\/app\/wp-json\/wp\/v2\/media\/771208"}],"wp:attachment":[{"href":"https:\/\/streetmarkets.fr\/app\/wp-json\/wp\/v2\/media?parent=771206"}],"wp:term":[{"taxonomy":"product_brand","embeddable":true,"href":"https:\/\/streetmarkets.fr\/app\/wp-json\/wp\/v2\/product_brand?post=771206"},{"taxonomy":"product_cat","embeddable":true,"href":"https:\/\/streetmarkets.fr\/app\/wp-json\/wp\/v2\/product_cat?post=771206"},{"taxonomy":"product_tag","embeddable":true,"href":"https:\/\/streetmarkets.fr\/app\/wp-json\/wp\/v2\/product_tag?post=771206"}],"curies":[{"name":"wp","href":"https:\/\/api.w.org\/{rel}","templated":true}]}}