{"id":770713,"date":"2024-10-22T14:11:50","date_gmt":"2024-10-22T12:11:50","guid":{"rendered":"https:\/\/streetmarkets.fr\/app\/produit\/steel-bonnet-merinos-logo-gris\/"},"modified":"2026-05-04T00:48:56","modified_gmt":"2026-05-03T22:48:56","slug":"steel-bonnet-merinos-logo-gris","status":"publish","type":"product","link":"https:\/\/streetmarkets.fr\/app\/produit\/steel-bonnet-merinos-logo-gris\/","title":{"rendered":"Steel Bonnet Merinos Logo Gris"},"content":{"rendered":"<p>Le Steel Bonnet Merinos Logo\u00a0Gris est doux, chaud, sobre \u00e0 porter lors de journ\u00e9e fraiches en ext\u00e9rieurs. Il porte une \u00e9tiquette Steel\u00a0discr\u00e8te brod\u00e9e sur le pli du revers. C&#8217;est avec cette s\u00e9rie limit\u00e9e fabriqu\u00e9e par Colorful Standard\u00a0et personnalis\u00e9e par nos soins que vous pourrez repr\u00e9senter votre shop, croiser le regard de connaisseurs, ou bien faire des jaloux \ud83d\ude42<\/p>\n","protected":false},"excerpt":{"rendered":"<p>Le Steel Bonnet Merinos Logo\u00a0Gris est doux, chaud, sobre \u00e0 porter lors de journ\u00e9e fraiches en ext\u00e9rieurs. Il porte une \u00e9tiquette Steel\u00a0discr\u00e8te brod\u00e9e sur le pli du revers. C&#8217;est avec cette s\u00e9rie limit\u00e9e fabriqu\u00e9e par Colorful Standard\u00a0et personnalis\u00e9e par nos soins que vous pourrez repr\u00e9senter votre shop, croiser le regard de connaisseurs, ou bien faire [&hellip;]<\/p>\n","protected":false},"featured_media":770714,"comment_status":"open","ping_status":"closed","template":"","meta":[],"product_brand":[],"product_cat":[1756,1760],"product_tag":[2244],"acf":[],"_links":{"self":[{"href":"https:\/\/streetmarkets.fr\/app\/wp-json\/wp\/v2\/product\/770713"}],"collection":[{"href":"https:\/\/streetmarkets.fr\/app\/wp-json\/wp\/v2\/product"}],"about":[{"href":"https:\/\/streetmarkets.fr\/app\/wp-json\/wp\/v2\/types\/product"}],"replies":[{"embeddable":true,"href":"https:\/\/streetmarkets.fr\/app\/wp-json\/wp\/v2\/comments?post=770713"}],"wp:featuredmedia":[{"embeddable":true,"href":"https:\/\/streetmarkets.fr\/app\/wp-json\/wp\/v2\/media\/770714"}],"wp:attachment":[{"href":"https:\/\/streetmarkets.fr\/app\/wp-json\/wp\/v2\/media?parent=770713"}],"wp:term":[{"taxonomy":"product_brand","embeddable":true,"href":"https:\/\/streetmarkets.fr\/app\/wp-json\/wp\/v2\/product_brand?post=770713"},{"taxonomy":"product_cat","embeddable":true,"href":"https:\/\/streetmarkets.fr\/app\/wp-json\/wp\/v2\/product_cat?post=770713"},{"taxonomy":"product_tag","embeddable":true,"href":"https:\/\/streetmarkets.fr\/app\/wp-json\/wp\/v2\/product_tag?post=770713"}],"curies":[{"name":"wp","href":"https:\/\/api.w.org\/{rel}","templated":true}]}}