{"id":770679,"date":"2024-10-22T14:11:45","date_gmt":"2024-10-22T12:11:45","guid":{"rendered":"https:\/\/streetmarkets.fr\/app\/produit\/patagonia-short-hydropeak-boardshorts-21-tidepool-blue\/"},"modified":"2026-05-09T00:48:50","modified_gmt":"2026-05-08T22:48:50","slug":"patagonia-short-hydropeak-boardshorts-21-tidepool-blue","status":"publish","type":"product","link":"https:\/\/streetmarkets.fr\/app\/produit\/patagonia-short-hydropeak-boardshorts-21-tidepool-blue\/","title":{"rendered":"Patagonia Short Hydropeak Boardshorts 21 Tidepool Blue"},"content":{"rendered":"<p>Le Patagonia Short Hydropeak Boardshorts 21 Tidepool Blue est Board short de surf ultra performant en polyester recycl\u00e9, con\u00e7u pour une utilisation quotidienne. Ce short de surf l\u00e9ger b\u00e9n\u00e9ficie d\u2019un stretch quadridirectionnel, s\u2019adresse aux surfeurs qui recherchent autant les man\u0153uvres rapides. On s&#8217;est dit que le cycliste pourrait avoir besoin de ce type de confort et de performance. Confection Fair Trade Certified\u2122.<\/p><\/p>\n","protected":false},"excerpt":{"rendered":"<p>Le Patagonia Short Hydropeak Boardshorts 21 Tidepool Blue est Board short de surf ultra performant en polyester recycl\u00e9, con\u00e7u pour une utilisation quotidienne. Ce short de surf l\u00e9ger b\u00e9n\u00e9ficie d\u2019un stretch quadridirectionnel, s\u2019adresse aux surfeurs qui recherchent autant les man\u0153uvres rapides. On s&#8217;est dit que le cycliste pourrait avoir besoin de ce type de confort [&hellip;]<\/p>\n","protected":false},"featured_media":770680,"comment_status":"open","ping_status":"closed","template":"","meta":[],"product_brand":[7133],"product_cat":[1756,1758],"product_tag":[2244],"acf":[],"_links":{"self":[{"href":"https:\/\/streetmarkets.fr\/app\/wp-json\/wp\/v2\/product\/770679"}],"collection":[{"href":"https:\/\/streetmarkets.fr\/app\/wp-json\/wp\/v2\/product"}],"about":[{"href":"https:\/\/streetmarkets.fr\/app\/wp-json\/wp\/v2\/types\/product"}],"replies":[{"embeddable":true,"href":"https:\/\/streetmarkets.fr\/app\/wp-json\/wp\/v2\/comments?post=770679"}],"wp:featuredmedia":[{"embeddable":true,"href":"https:\/\/streetmarkets.fr\/app\/wp-json\/wp\/v2\/media\/770680"}],"wp:attachment":[{"href":"https:\/\/streetmarkets.fr\/app\/wp-json\/wp\/v2\/media?parent=770679"}],"wp:term":[{"taxonomy":"product_brand","embeddable":true,"href":"https:\/\/streetmarkets.fr\/app\/wp-json\/wp\/v2\/product_brand?post=770679"},{"taxonomy":"product_cat","embeddable":true,"href":"https:\/\/streetmarkets.fr\/app\/wp-json\/wp\/v2\/product_cat?post=770679"},{"taxonomy":"product_tag","embeddable":true,"href":"https:\/\/streetmarkets.fr\/app\/wp-json\/wp\/v2\/product_tag?post=770679"}],"curies":[{"name":"wp","href":"https:\/\/api.w.org\/{rel}","templated":true}]}}