{"id":770669,"date":"2024-10-22T14:11:44","date_gmt":"2024-10-22T12:11:44","guid":{"rendered":"https:\/\/streetmarkets.fr\/app\/produit\/patagonia-jupe-fleetwith-skort-black\/"},"modified":"2026-05-11T00:48:44","modified_gmt":"2026-05-10T22:48:44","slug":"patagonia-jupe-fleetwith-skort-black","status":"publish","type":"product","link":"https:\/\/streetmarkets.fr\/app\/produit\/patagonia-jupe-fleetwith-skort-black\/","title":{"rendered":"Patagonia jupe Fleetwith skort Black"},"content":{"rendered":"<p>Patagonia jupe Fleetwith skort Black et un bas tr\u00e8s fonctionnel cr\u00e9e pour les d\u00e9placements \u00e0 v\u00e9lo. Elle est dot\u00e9 des qualit\u00e9s d\u2019une jupe et d\u2019un short. Il se porte lors de trajets \u00e0 v\u00e9lo en \u00e9t\u00e9 et plus encore. Cette jupe-short multi-fonctionnelle poss\u00e8de aussi des poches lat\u00e9rales. Fabriqu\u00e9e dans un m\u00e9lange de polyester\/\u00e9lastane, elle est extensible et s&#8217;av\u00e8re tr\u00e8s confortable. Cousu Fair Trade Certified\u2122.<\/p><\/p>\n","protected":false},"excerpt":{"rendered":"<p>Patagonia jupe Fleetwith skort Black et un bas tr\u00e8s fonctionnel cr\u00e9e pour les d\u00e9placements \u00e0 v\u00e9lo. Elle est dot\u00e9 des qualit\u00e9s d\u2019une jupe et d\u2019un short. Il se porte lors de trajets \u00e0 v\u00e9lo en \u00e9t\u00e9 et plus encore. Cette jupe-short multi-fonctionnelle poss\u00e8de aussi des poches lat\u00e9rales. Fabriqu\u00e9e dans un m\u00e9lange de polyester\/\u00e9lastane, elle est [&hellip;]<\/p>\n","protected":false},"featured_media":770670,"comment_status":"open","ping_status":"closed","template":"","meta":[],"product_brand":[7133],"product_cat":[1756,1762],"product_tag":[2244],"acf":[],"_links":{"self":[{"href":"https:\/\/streetmarkets.fr\/app\/wp-json\/wp\/v2\/product\/770669"}],"collection":[{"href":"https:\/\/streetmarkets.fr\/app\/wp-json\/wp\/v2\/product"}],"about":[{"href":"https:\/\/streetmarkets.fr\/app\/wp-json\/wp\/v2\/types\/product"}],"replies":[{"embeddable":true,"href":"https:\/\/streetmarkets.fr\/app\/wp-json\/wp\/v2\/comments?post=770669"}],"wp:featuredmedia":[{"embeddable":true,"href":"https:\/\/streetmarkets.fr\/app\/wp-json\/wp\/v2\/media\/770670"}],"wp:attachment":[{"href":"https:\/\/streetmarkets.fr\/app\/wp-json\/wp\/v2\/media?parent=770669"}],"wp:term":[{"taxonomy":"product_brand","embeddable":true,"href":"https:\/\/streetmarkets.fr\/app\/wp-json\/wp\/v2\/product_brand?post=770669"},{"taxonomy":"product_cat","embeddable":true,"href":"https:\/\/streetmarkets.fr\/app\/wp-json\/wp\/v2\/product_cat?post=770669"},{"taxonomy":"product_tag","embeddable":true,"href":"https:\/\/streetmarkets.fr\/app\/wp-json\/wp\/v2\/product_tag?post=770669"}],"curies":[{"name":"wp","href":"https:\/\/api.w.org\/{rel}","templated":true}]}}