{"id":770666,"date":"2024-10-22T14:11:44","date_gmt":"2024-10-22T12:11:44","guid":{"rendered":"https:\/\/streetmarkets.fr\/app\/produit\/patagonia-short-garcon-baggies-shorts-clean-currents-tidepool-blue\/"},"modified":"2026-05-13T00:48:39","modified_gmt":"2026-05-12T22:48:39","slug":"patagonia-short-garcon-baggies-shorts-clean-currents-tidepool-blue","status":"publish","type":"product","link":"https:\/\/streetmarkets.fr\/app\/produit\/patagonia-short-garcon-baggies-shorts-clean-currents-tidepool-blue\/","title":{"rendered":"Patagonia Short Gar\u00e7on Baggies shorts Clean Currents\/Tidepool Blue"},"content":{"rendered":"<p>Le Patagonia short Gar\u00e7on Baggies shorts Clean Currents-Tidepool Blue poss\u00e8de une taille \u00e9lastique douce et une doublure en mesh confortable qui s\u00e8che rapidement. Sa mati\u00e8re l\u00e9g\u00e8re en nylon textur\u00e9 NetPlus\u00ae 100% recycl\u00e9 post-consommation est fabriqu\u00e9 \u00e0 partir de filets de p\u00eache recycl\u00e9s, une action permettant la r\u00e9duction de pollution plastique dans les oc\u00e9ans. Ce short est rev\u00eatu d&#8217;appr\u00eat d\u00e9perlant durable (DWR) sans PFC (sans compos\u00e9s chimiques perfluor\u00e9s) ; entrejambe de 18 cm (taille M).<\/p><\/p>\n","protected":false},"excerpt":{"rendered":"<p>Le Patagonia short Gar\u00e7on Baggies shorts Clean Currents-Tidepool Blue poss\u00e8de une taille \u00e9lastique douce et une doublure en mesh confortable qui s\u00e8che rapidement. Sa mati\u00e8re l\u00e9g\u00e8re en nylon textur\u00e9 NetPlus\u00ae 100% recycl\u00e9 post-consommation est fabriqu\u00e9 \u00e0 partir de filets de p\u00eache recycl\u00e9s, une action permettant la r\u00e9duction de pollution plastique dans les oc\u00e9ans. Ce short [&hellip;]<\/p>\n","protected":false},"featured_media":770667,"comment_status":"open","ping_status":"closed","template":"","meta":[],"product_brand":[7133],"product_cat":[1756],"product_tag":[2244],"acf":[],"_links":{"self":[{"href":"https:\/\/streetmarkets.fr\/app\/wp-json\/wp\/v2\/product\/770666"}],"collection":[{"href":"https:\/\/streetmarkets.fr\/app\/wp-json\/wp\/v2\/product"}],"about":[{"href":"https:\/\/streetmarkets.fr\/app\/wp-json\/wp\/v2\/types\/product"}],"replies":[{"embeddable":true,"href":"https:\/\/streetmarkets.fr\/app\/wp-json\/wp\/v2\/comments?post=770666"}],"wp:featuredmedia":[{"embeddable":true,"href":"https:\/\/streetmarkets.fr\/app\/wp-json\/wp\/v2\/media\/770667"}],"wp:attachment":[{"href":"https:\/\/streetmarkets.fr\/app\/wp-json\/wp\/v2\/media?parent=770666"}],"wp:term":[{"taxonomy":"product_brand","embeddable":true,"href":"https:\/\/streetmarkets.fr\/app\/wp-json\/wp\/v2\/product_brand?post=770666"},{"taxonomy":"product_cat","embeddable":true,"href":"https:\/\/streetmarkets.fr\/app\/wp-json\/wp\/v2\/product_cat?post=770666"},{"taxonomy":"product_tag","embeddable":true,"href":"https:\/\/streetmarkets.fr\/app\/wp-json\/wp\/v2\/product_tag?post=770666"}],"curies":[{"name":"wp","href":"https:\/\/api.w.org\/{rel}","templated":true}]}}