{"id":770625,"date":"2024-10-22T14:11:39","date_gmt":"2024-10-22T12:11:39","guid":{"rendered":"https:\/\/streetmarkets.fr\/app\/produit\/chrome-short-femme-anza-black\/"},"modified":"2026-04-29T00:48:46","modified_gmt":"2026-04-28T22:48:46","slug":"chrome-short-femme-anza-black","status":"publish","type":"product","link":"https:\/\/streetmarkets.fr\/app\/produit\/chrome-short-femme-anza-black\/","title":{"rendered":"Chrome Short Femme Anza Black"},"content":{"rendered":"<p>Le Chrome Short Femme Anza Black est une n\u00e9cessit\u00e9 pour les cyclistes. Que vous fassiez la navette entre votre domicile et votre lieu de travail, que vous alliez sur les sentiers ou que vous vous promeniez simplement en ville, les caract\u00e9ristiques suppl\u00e9mentaires de l&#8217;Anza, ainsi que son tissu extensible dans les quatre sens, durable et r\u00e9sistant \u00e0 l&#8217;eau, font de ce short un outil de performance.<\/p>\n<p>Entrejambe double couche sans couture sur toute la longueur. Tissu stretch 4 voies \u00e0 s\u00e9chage rapide. Confortable, coupe plus fine, entrejambe de 6&#8243;.<\/p>\n","protected":false},"excerpt":{"rendered":"<p>Le Chrome Short Femme Anza Black est une n\u00e9cessit\u00e9 pour les cyclistes. Que vous fassiez la navette entre votre domicile et votre lieu de travail, que vous alliez sur les sentiers ou que vous vous promeniez simplement en ville, les caract\u00e9ristiques suppl\u00e9mentaires de l&#8217;Anza, ainsi que son tissu extensible dans les quatre sens, durable et [&hellip;]<\/p>\n","protected":false},"featured_media":770626,"comment_status":"open","ping_status":"closed","template":"","meta":[],"product_brand":[],"product_cat":[1756,1762],"product_tag":[2244],"acf":[],"_links":{"self":[{"href":"https:\/\/streetmarkets.fr\/app\/wp-json\/wp\/v2\/product\/770625"}],"collection":[{"href":"https:\/\/streetmarkets.fr\/app\/wp-json\/wp\/v2\/product"}],"about":[{"href":"https:\/\/streetmarkets.fr\/app\/wp-json\/wp\/v2\/types\/product"}],"replies":[{"embeddable":true,"href":"https:\/\/streetmarkets.fr\/app\/wp-json\/wp\/v2\/comments?post=770625"}],"wp:featuredmedia":[{"embeddable":true,"href":"https:\/\/streetmarkets.fr\/app\/wp-json\/wp\/v2\/media\/770626"}],"wp:attachment":[{"href":"https:\/\/streetmarkets.fr\/app\/wp-json\/wp\/v2\/media?parent=770625"}],"wp:term":[{"taxonomy":"product_brand","embeddable":true,"href":"https:\/\/streetmarkets.fr\/app\/wp-json\/wp\/v2\/product_brand?post=770625"},{"taxonomy":"product_cat","embeddable":true,"href":"https:\/\/streetmarkets.fr\/app\/wp-json\/wp\/v2\/product_cat?post=770625"},{"taxonomy":"product_tag","embeddable":true,"href":"https:\/\/streetmarkets.fr\/app\/wp-json\/wp\/v2\/product_tag?post=770625"}],"curies":[{"name":"wp","href":"https:\/\/api.w.org\/{rel}","templated":true}]}}