{"id":770618,"date":"2024-10-22T14:11:38","date_gmt":"2024-10-22T12:11:38","guid":{"rendered":"https:\/\/streetmarkets.fr\/app\/produit\/chrome-short-femme-seneca-black\/"},"modified":"2026-05-04T00:48:55","modified_gmt":"2026-05-03T22:48:55","slug":"chrome-short-femme-seneca-black","status":"publish","type":"product","link":"https:\/\/streetmarkets.fr\/app\/produit\/chrome-short-femme-seneca-black\/","title":{"rendered":"Chrome Short Femme Seneca Black"},"content":{"rendered":"<p>Le Chrome Short Femme Seneca Black est un short technique court \u00e0 taille profil\u00e9e pour plus de confort. Tissu extensible 4 voies \u00e0 s\u00e9chage rapide. Poche s\u00e9curis\u00e9e par une fermeture \u00e9clair pour garder les affaires en place. M\u00e9lange de coton avec DWR r\u00e9sistant \u00e0 l&#8217;eau et au vent.<\/p>\n","protected":false},"excerpt":{"rendered":"<p>Le Chrome Short Femme Seneca Black est un short technique court \u00e0 taille profil\u00e9e pour plus de confort. Tissu extensible 4 voies \u00e0 s\u00e9chage rapide. Poche s\u00e9curis\u00e9e par une fermeture \u00e9clair pour garder les affaires en place. M\u00e9lange de coton avec DWR r\u00e9sistant \u00e0 l&#8217;eau et au vent.<\/p>\n","protected":false},"featured_media":770619,"comment_status":"open","ping_status":"closed","template":"","meta":[],"product_brand":[],"product_cat":[1756,1762],"product_tag":[2244],"acf":[],"_links":{"self":[{"href":"https:\/\/streetmarkets.fr\/app\/wp-json\/wp\/v2\/product\/770618"}],"collection":[{"href":"https:\/\/streetmarkets.fr\/app\/wp-json\/wp\/v2\/product"}],"about":[{"href":"https:\/\/streetmarkets.fr\/app\/wp-json\/wp\/v2\/types\/product"}],"replies":[{"embeddable":true,"href":"https:\/\/streetmarkets.fr\/app\/wp-json\/wp\/v2\/comments?post=770618"}],"wp:featuredmedia":[{"embeddable":true,"href":"https:\/\/streetmarkets.fr\/app\/wp-json\/wp\/v2\/media\/770619"}],"wp:attachment":[{"href":"https:\/\/streetmarkets.fr\/app\/wp-json\/wp\/v2\/media?parent=770618"}],"wp:term":[{"taxonomy":"product_brand","embeddable":true,"href":"https:\/\/streetmarkets.fr\/app\/wp-json\/wp\/v2\/product_brand?post=770618"},{"taxonomy":"product_cat","embeddable":true,"href":"https:\/\/streetmarkets.fr\/app\/wp-json\/wp\/v2\/product_cat?post=770618"},{"taxonomy":"product_tag","embeddable":true,"href":"https:\/\/streetmarkets.fr\/app\/wp-json\/wp\/v2\/product_tag?post=770618"}],"curies":[{"name":"wp","href":"https:\/\/api.w.org\/{rel}","templated":true}]}}