{"id":770610,"date":"2024-10-22T14:11:37","date_gmt":"2024-10-22T12:11:37","guid":{"rendered":"https:\/\/streetmarkets.fr\/app\/produit\/patagonia-short-femme-dirt-craft-bike-rosehip\/"},"modified":"2026-05-11T00:48:44","modified_gmt":"2026-05-10T22:48:44","slug":"patagonia-short-femme-dirt-craft-bike-rosehip","status":"publish","type":"product","link":"https:\/\/streetmarkets.fr\/app\/produit\/patagonia-short-femme-dirt-craft-bike-rosehip\/","title":{"rendered":"Patagonia Short Femme Dirt Craft Bike Rosehip"},"content":{"rendered":"<p>Le Patagonia Short Femme Dirt Craft Bike Rosehip est un short adapt\u00e9 \u00e0 la pratique du VTT et du gravel. Il int\u00e8gre un sous-short rembourr\u00e9 trois couches, amovible, durable et \u00e9quip\u00e9 d\u2019une peau de chamois. Ce short est aussi \u00e0 l\u2019aise dans les ascensions \u00e9prouvantes que dans les descentes \u00e0 toute vitesse. Confection Fair Trade Certified\u2122.<\/p><\/p>\n","protected":false},"excerpt":{"rendered":"<p>Le Patagonia Short Femme Dirt Craft Bike Rosehip est un short adapt\u00e9 \u00e0 la pratique du VTT et du gravel. Il int\u00e8gre un sous-short rembourr\u00e9 trois couches, amovible, durable et \u00e9quip\u00e9 d\u2019une peau de chamois. Ce short est aussi \u00e0 l\u2019aise dans les ascensions \u00e9prouvantes que dans les descentes \u00e0 toute vitesse. Confection Fair Trade [&hellip;]<\/p>\n","protected":false},"featured_media":770611,"comment_status":"open","ping_status":"closed","template":"","meta":[],"product_brand":[7133],"product_cat":[1756,1762],"product_tag":[2244],"acf":[],"_links":{"self":[{"href":"https:\/\/streetmarkets.fr\/app\/wp-json\/wp\/v2\/product\/770610"}],"collection":[{"href":"https:\/\/streetmarkets.fr\/app\/wp-json\/wp\/v2\/product"}],"about":[{"href":"https:\/\/streetmarkets.fr\/app\/wp-json\/wp\/v2\/types\/product"}],"replies":[{"embeddable":true,"href":"https:\/\/streetmarkets.fr\/app\/wp-json\/wp\/v2\/comments?post=770610"}],"wp:featuredmedia":[{"embeddable":true,"href":"https:\/\/streetmarkets.fr\/app\/wp-json\/wp\/v2\/media\/770611"}],"wp:attachment":[{"href":"https:\/\/streetmarkets.fr\/app\/wp-json\/wp\/v2\/media?parent=770610"}],"wp:term":[{"taxonomy":"product_brand","embeddable":true,"href":"https:\/\/streetmarkets.fr\/app\/wp-json\/wp\/v2\/product_brand?post=770610"},{"taxonomy":"product_cat","embeddable":true,"href":"https:\/\/streetmarkets.fr\/app\/wp-json\/wp\/v2\/product_cat?post=770610"},{"taxonomy":"product_tag","embeddable":true,"href":"https:\/\/streetmarkets.fr\/app\/wp-json\/wp\/v2\/product_tag?post=770610"}],"curies":[{"name":"wp","href":"https:\/\/api.w.org\/{rel}","templated":true}]}}