{"id":770591,"date":"2024-10-22T14:10:58","date_gmt":"2024-10-22T12:10:58","guid":{"rendered":"https:\/\/streetmarkets.fr\/app\/produit\/chrome-pantalon-brannan-pant-black\/"},"modified":"2026-05-02T00:48:46","modified_gmt":"2026-05-01T22:48:46","slug":"chrome-pantalon-brannan-pant-black","status":"publish","type":"product","link":"https:\/\/streetmarkets.fr\/app\/produit\/chrome-pantalon-brannan-pant-black\/","title":{"rendered":"Chrome Pantalon Brannan Pant Black"},"content":{"rendered":"<p>Le Chrome Pantalon Brannan Pant Black est un pantalon technique con\u00e7u pour la pratique du v\u00e9lo. Il est fabriqu\u00e9 en tissu Everest r\u00e9sistant \u00e0 l\u2019eau et extensible.<\/p>\n<p>Un pantalon pens\u00e9 pour la versatilit\u00e9, parfait pour p\u00e9daler et confortable \u00e0 porter toute la journ\u00e9e, le Chrome pantalon Brannan Pant Black est tiss\u00e9 en tissu stretch fait pour une amplitude maximale des mouvements. En couleur noire sobre, avec des poches doubles \u00e0 zip pour prot\u00e9ger vos possessions du vol ou des intemp\u00e9ries, le pantalon lui-m\u00eame est r\u00e9sistant \u00e0 l\u2019eau.<\/p>\n","protected":false},"excerpt":{"rendered":"<p>Le Chrome Pantalon Brannan Pant Black est un pantalon technique con\u00e7u pour la pratique du v\u00e9lo. Il est fabriqu\u00e9 en tissu Everest r\u00e9sistant \u00e0 l\u2019eau et extensible. Un pantalon pens\u00e9 pour la versatilit\u00e9, parfait pour p\u00e9daler et confortable \u00e0 porter toute la journ\u00e9e, le Chrome pantalon Brannan Pant Black est tiss\u00e9 en tissu stretch fait [&hellip;]<\/p>\n","protected":false},"featured_media":770592,"comment_status":"open","ping_status":"closed","template":"","meta":[],"product_brand":[],"product_cat":[1756,1758],"product_tag":[2244],"acf":[],"_links":{"self":[{"href":"https:\/\/streetmarkets.fr\/app\/wp-json\/wp\/v2\/product\/770591"}],"collection":[{"href":"https:\/\/streetmarkets.fr\/app\/wp-json\/wp\/v2\/product"}],"about":[{"href":"https:\/\/streetmarkets.fr\/app\/wp-json\/wp\/v2\/types\/product"}],"replies":[{"embeddable":true,"href":"https:\/\/streetmarkets.fr\/app\/wp-json\/wp\/v2\/comments?post=770591"}],"wp:featuredmedia":[{"embeddable":true,"href":"https:\/\/streetmarkets.fr\/app\/wp-json\/wp\/v2\/media\/770592"}],"wp:attachment":[{"href":"https:\/\/streetmarkets.fr\/app\/wp-json\/wp\/v2\/media?parent=770591"}],"wp:term":[{"taxonomy":"product_brand","embeddable":true,"href":"https:\/\/streetmarkets.fr\/app\/wp-json\/wp\/v2\/product_brand?post=770591"},{"taxonomy":"product_cat","embeddable":true,"href":"https:\/\/streetmarkets.fr\/app\/wp-json\/wp\/v2\/product_cat?post=770591"},{"taxonomy":"product_tag","embeddable":true,"href":"https:\/\/streetmarkets.fr\/app\/wp-json\/wp\/v2\/product_tag?post=770591"}],"curies":[{"name":"wp","href":"https:\/\/api.w.org\/{rel}","templated":true}]}}