{"id":770566,"date":"2024-10-22T14:10:54","date_gmt":"2024-10-22T12:10:54","guid":{"rendered":"https:\/\/streetmarkets.fr\/app\/produit\/patagonia-pantalon-enfant-torrentshell-3l-pants-black\/"},"modified":"2026-05-04T00:48:55","modified_gmt":"2026-05-03T22:48:55","slug":"patagonia-pantalon-enfant-torrentshell-3l-pants-black","status":"publish","type":"product","link":"https:\/\/streetmarkets.fr\/app\/produit\/patagonia-pantalon-enfant-torrentshell-3l-pants-black\/","title":{"rendered":"Patagonia Pantalon Enfant Torrentshell 3L Pants black"},"content":{"rendered":"<p>Prot\u00e9gez votre enfant des flaques et des intemp\u00e9ries avec le Patagonia pantalon enfant Torrentshell 3L Pants Black, pour les mois d\u2019automne et les giboul\u00e9es de mai.<\/p>\n<p>\nUne paire de pantalon taill\u00e9s pour tous les jours, toutes les pluies et toutes les sorties, m\u00eame les plus boueuses, les Patagonia pantalon enfant Torrentshell 3L Pants Black sont l\u2019accessoire imperm\u00e9able n\u00e9cessaire \u00e0 une vie active. Avec sa mati\u00e8re ext\u00e9rieure 3 couches imperm\u00e9able et respirante, conforme \u00e0 la norme H2No, elle garantit un confort parfait, une protection infaillible et une grande durabilit\u00e9 au fur et \u00e0 mesure des ann\u00e9es. Patagonia y appose en effet son label \u201chand-me-down\u201d qui certifie la r\u00e9sistance de ce v\u00eatement au port par votre enfant, puis son petit cousin, petit fr\u00e8re ou petite soeur. Ils poss\u00e8dent deux poches chauffe-mains, avec un zip pour prot\u00e9ger ce qui est \u00e0 l\u2019int\u00e9rieur, sacs int\u00e9rieurs en mesh et des rabats anti temp\u00eate pour une imperm\u00e9abilit\u00e9 maximale.<\/p><\/p>\n","protected":false},"excerpt":{"rendered":"<p>Prot\u00e9gez votre enfant des flaques et des intemp\u00e9ries avec le Patagonia pantalon enfant Torrentshell 3L Pants Black, pour les mois d\u2019automne et les giboul\u00e9es de mai. Une paire de pantalon taill\u00e9s pour tous les jours, toutes les pluies et toutes les sorties, m\u00eame les plus boueuses, les Patagonia pantalon enfant Torrentshell 3L Pants Black sont [&hellip;]<\/p>\n","protected":false},"featured_media":770567,"comment_status":"open","ping_status":"closed","template":"","meta":[],"product_brand":[7133],"product_cat":[1756,1760],"product_tag":[2244],"acf":[],"_links":{"self":[{"href":"https:\/\/streetmarkets.fr\/app\/wp-json\/wp\/v2\/product\/770566"}],"collection":[{"href":"https:\/\/streetmarkets.fr\/app\/wp-json\/wp\/v2\/product"}],"about":[{"href":"https:\/\/streetmarkets.fr\/app\/wp-json\/wp\/v2\/types\/product"}],"replies":[{"embeddable":true,"href":"https:\/\/streetmarkets.fr\/app\/wp-json\/wp\/v2\/comments?post=770566"}],"wp:featuredmedia":[{"embeddable":true,"href":"https:\/\/streetmarkets.fr\/app\/wp-json\/wp\/v2\/media\/770567"}],"wp:attachment":[{"href":"https:\/\/streetmarkets.fr\/app\/wp-json\/wp\/v2\/media?parent=770566"}],"wp:term":[{"taxonomy":"product_brand","embeddable":true,"href":"https:\/\/streetmarkets.fr\/app\/wp-json\/wp\/v2\/product_brand?post=770566"},{"taxonomy":"product_cat","embeddable":true,"href":"https:\/\/streetmarkets.fr\/app\/wp-json\/wp\/v2\/product_cat?post=770566"},{"taxonomy":"product_tag","embeddable":true,"href":"https:\/\/streetmarkets.fr\/app\/wp-json\/wp\/v2\/product_tag?post=770566"}],"curies":[{"name":"wp","href":"https:\/\/api.w.org\/{rel}","templated":true}]}}