{"id":770548,"date":"2024-10-22T14:10:52","date_gmt":"2024-10-22T12:10:52","guid":{"rendered":"https:\/\/streetmarkets.fr\/app\/produit\/ciele-casquette-cool-weather-bucket-hat-iconic-athletics-shadowcast\/"},"modified":"2026-05-06T00:48:45","modified_gmt":"2026-05-05T22:48:45","slug":"ciele-casquette-cool-weather-bucket-hat-iconic-athletics-shadowcast","status":"publish","type":"product","link":"https:\/\/streetmarkets.fr\/app\/produit\/ciele-casquette-cool-weather-bucket-hat-iconic-athletics-shadowcast\/","title":{"rendered":"Ciele Casquette Cool weather bucket Hat Iconic Athletics Shadowcast"},"content":{"rendered":"<p>Casquette de running haute performance con\u00e7ue pour les conditions fra\u00eeches. La technologie COOLmatic|PLUS offre une respirabilit\u00e9 sup\u00e9rieure, un refroidissement prolong\u00e9 et une protection anti-odeurs. Fabriqu\u00e9e en tissu l\u00e9ger \u00e0 s\u00e9chage rapide enrichi de fibres recycl\u00e9es Repreve, elle assure confort et durabilit\u00e9. Protection UPF +50 int\u00e9grale. Bordure souple Soft360 pour un rangement pratique et d\u00e9tails r\u00e9fl\u00e9chissants pour la visibilit\u00e9 nocturne. Lavable en machine. Disponible en deux tailles ajustables (S\/M 56,5 cm, L\/XL 60 cm). Poids plume de 90 grammes. B\u00e9n\u00e9ficie de la garantie ciele athletics\u2122 million de miles.<\/p>\n","protected":false},"excerpt":{"rendered":"<p>Casquette de running haute performance con\u00e7ue pour les conditions fra\u00eeches. La technologie COOLmatic|PLUS offre une respirabilit\u00e9 sup\u00e9rieure, un refroidissement prolong\u00e9 et une protection anti-odeurs. Fabriqu\u00e9e en tissu l\u00e9ger \u00e0 s\u00e9chage rapide enrichi de fibres recycl\u00e9es Repreve, elle assure confort et durabilit\u00e9. Protection UPF +50 int\u00e9grale. Bordure souple Soft360 pour un rangement pratique et d\u00e9tails r\u00e9fl\u00e9chissants [&hellip;]<\/p>\n","protected":false},"featured_media":770549,"comment_status":"open","ping_status":"closed","template":"","meta":[],"product_brand":[],"product_cat":[1756,1760],"product_tag":[2244],"acf":[],"_links":{"self":[{"href":"https:\/\/streetmarkets.fr\/app\/wp-json\/wp\/v2\/product\/770548"}],"collection":[{"href":"https:\/\/streetmarkets.fr\/app\/wp-json\/wp\/v2\/product"}],"about":[{"href":"https:\/\/streetmarkets.fr\/app\/wp-json\/wp\/v2\/types\/product"}],"replies":[{"embeddable":true,"href":"https:\/\/streetmarkets.fr\/app\/wp-json\/wp\/v2\/comments?post=770548"}],"wp:featuredmedia":[{"embeddable":true,"href":"https:\/\/streetmarkets.fr\/app\/wp-json\/wp\/v2\/media\/770549"}],"wp:attachment":[{"href":"https:\/\/streetmarkets.fr\/app\/wp-json\/wp\/v2\/media?parent=770548"}],"wp:term":[{"taxonomy":"product_brand","embeddable":true,"href":"https:\/\/streetmarkets.fr\/app\/wp-json\/wp\/v2\/product_brand?post=770548"},{"taxonomy":"product_cat","embeddable":true,"href":"https:\/\/streetmarkets.fr\/app\/wp-json\/wp\/v2\/product_cat?post=770548"},{"taxonomy":"product_tag","embeddable":true,"href":"https:\/\/streetmarkets.fr\/app\/wp-json\/wp\/v2\/product_tag?post=770548"}],"curies":[{"name":"wp","href":"https:\/\/api.w.org\/{rel}","templated":true}]}}