{"id":770530,"date":"2024-10-22T14:10:49","date_gmt":"2024-10-22T12:10:49","guid":{"rendered":"https:\/\/streetmarkets.fr\/app\/produit\/giro-gants-dnd-black\/"},"modified":"2026-05-04T00:48:55","modified_gmt":"2026-05-03T22:48:55","slug":"giro-gants-dnd-black","status":"publish","type":"product","link":"https:\/\/streetmarkets.fr\/app\/produit\/giro-gants-dnd-black\/","title":{"rendered":"Giro gants DND Black"},"content":{"rendered":"<p>Les Giro gants DND\u00a0Black correspondent \u00e0 leurs initiales Down and Dirty dont on ne retiendra que l\u2019essentiel : confort, durabilit\u00e9 et contr\u00f4le. Sans doute le meilleur rapport qualit\u00e9 prix sur le march\u00e9 sign\u00e9 Giro. Un plus d\u2019\u00eatre une r\u00e9f\u00e9rence, ce mod\u00e8le de Giro gants est souvent customis\u00e9, comme par Cinelli et Mash SF.<\/p>\n<p>Les Giro gants DND noir correspondent \u00e0 leurs initiales Down and Dirtydont on ne retiendra que l&#8217;essentiel : confort, durabilit\u00e9 et contr\u00f4le. Sans doute le meilleur rapport qualit\u00e9 prix sur le march\u00e9 avec la marque Giro en prime.\u00a0 Ces gants vous offrent une sensation de souplesse gr\u00e2ce \u00e0 la conception Super Fit\u2122 de la paume en cuir Clarino\u2122 \u00e9pur\u00e9e. La mati\u00e8re sup\u00e9rieure offre une bonne ventilation en plus d&#8217;\u00eatre extensible dans quatre directions, pour plus de confort \u00e0 chaque sortie. Leurs caract\u00e9ristiques et conception simple font du Giro gant DND\u2122 l&#8217;un des grands favoris parmi les adeptes du tout-terrain et de v\u00e9lo de montagne. Sans mentionner que ce mod\u00e8le de gants Giro a souvent \u00e9t\u00e9 customis\u00e9 par Mash SF. Une r\u00e9f\u00e9rence on dirait.<\/p>\n","protected":false},"excerpt":{"rendered":"<p>Les Giro gants DND\u00a0Black correspondent \u00e0 leurs initiales Down and Dirty dont on ne retiendra que l\u2019essentiel : confort, durabilit\u00e9 et contr\u00f4le. Sans doute le meilleur rapport qualit\u00e9 prix sur le march\u00e9 sign\u00e9 Giro. Un plus d\u2019\u00eatre une r\u00e9f\u00e9rence, ce mod\u00e8le de Giro gants est souvent customis\u00e9, comme par Cinelli et Mash SF. Les Giro [&hellip;]<\/p>\n","protected":false},"featured_media":770531,"comment_status":"open","ping_status":"closed","template":"","meta":[],"product_brand":[],"product_cat":[1756,1760],"product_tag":[2244],"acf":[],"_links":{"self":[{"href":"https:\/\/streetmarkets.fr\/app\/wp-json\/wp\/v2\/product\/770530"}],"collection":[{"href":"https:\/\/streetmarkets.fr\/app\/wp-json\/wp\/v2\/product"}],"about":[{"href":"https:\/\/streetmarkets.fr\/app\/wp-json\/wp\/v2\/types\/product"}],"replies":[{"embeddable":true,"href":"https:\/\/streetmarkets.fr\/app\/wp-json\/wp\/v2\/comments?post=770530"}],"wp:featuredmedia":[{"embeddable":true,"href":"https:\/\/streetmarkets.fr\/app\/wp-json\/wp\/v2\/media\/770531"}],"wp:attachment":[{"href":"https:\/\/streetmarkets.fr\/app\/wp-json\/wp\/v2\/media?parent=770530"}],"wp:term":[{"taxonomy":"product_brand","embeddable":true,"href":"https:\/\/streetmarkets.fr\/app\/wp-json\/wp\/v2\/product_brand?post=770530"},{"taxonomy":"product_cat","embeddable":true,"href":"https:\/\/streetmarkets.fr\/app\/wp-json\/wp\/v2\/product_cat?post=770530"},{"taxonomy":"product_tag","embeddable":true,"href":"https:\/\/streetmarkets.fr\/app\/wp-json\/wp\/v2\/product_tag?post=770530"}],"curies":[{"name":"wp","href":"https:\/\/api.w.org\/{rel}","templated":true}]}}